{"id":1292,"date":"2020-04-30T17:43:11","date_gmt":"2020-04-30T17:43:11","guid":{"rendered":"http:\/\/powerhockeycanada.com\/fr\/?page_id=1292"},"modified":"2020-08-16T20:30:55","modified_gmt":"2020-08-17T00:30:55","slug":"qui-nous-sommes","status":"publish","type":"page","link":"https:\/\/powerhockeycanada.com\/fr\/sur\/qui-nous-sommes\/","title":{"rendered":"Qui Nous Sommes"},"content":{"rendered":"<div class=\"fusion-fullwidth fullwidth-box fusion-builder-row-1 nonhundred-percent-fullwidth non-hundred-percent-height-scrolling\" style=\"background-color: #ffffff;background-position: center center;background-repeat: no-repeat;padding-top:0px;padding-right:5px;padding-bottom:0px;padding-left:5px;margin-bottom: 0px;margin-top: 0px;border-width: 0px 0px 0px 0px;border-color:#3e3e3e;border-style:solid;\" ><div class=\"fusion-builder-row fusion-row\"><div class=\"fusion-layout-column fusion_builder_column fusion-builder-column-0 fusion_builder_column_1_1 1_1 fusion-one-full fusion-column-first fusion-column-last\" style=\"margin-top:0px;margin-bottom:20px;\"><div class=\"fusion-column-wrapper fusion-flex-column-wrapper-legacy\" style=\"background-position:left top;background-repeat:no-repeat;-webkit-background-size:cover;-moz-background-size:cover;-o-background-size:cover;background-size:cover;background-color:#ffffff;padding: 0px 0px 0px 0px;\"><div class=\"fusion-text fusion-text-1\"><p><span style=\"font-weight: 400;\">PowerHockey Canada est une organisation nationale de parasport qui se concentre sur la croissance et le d\u00e9veloppement du powerhockey \u00e0 l&#8217;\u00e9chelle nationale. Fond\u00e9e en 2018, PowerHockey Canada est reconnue comme une association enregistr\u00e9e de sport amateur canadien. Gr\u00e2ce \u00e0 cette d\u00e9signation, il s&#8217;emploie \u00e0 atteindre ses buts et objectifs de d\u00e9veloppement, de financement, de promotion et d&#8217;exploitation d&#8217;activit\u00e9s, de programmes et d&#8217;installations de hockey motoris\u00e9 dans le but de gouverner, de faire progresser et de promouvoir le sport au Canada.<\/span><\/p>\n<p>En tant que membre secondaire de <a href=\"https:\/\/iwasf.com\/\" target=\"_blank\" rel=\"noopener noreferrer\">l&#8217;IWAS<\/a> (F\u00e9d\u00e9ration Internationale pour sportifs en fauteuils et amput\u00e9s), PowerHockey Canada fait partie de la communaut\u00e9 mondiale du powerhockey. Gr\u00e2ce \u00e0 cette affiliation, il fournit une base solide sur laquelle am\u00e9liorer l&#8217;\u00e9ventail complet des opportunit\u00e9s pour ses para-athl\u00e8tes \u00e0 l&#8217;\u00e9chelle nationale. En collaboration avec ses partenaires mondiaux, PowerHockey Canada poursuit son engagement envers l&#8217;excellence et en offrant un programme de powerhockey de premier ordre. De plus, cela offrira une opportunit\u00e9 de renforcer les relations actuelles ainsi que d&#8217;en d\u00e9velopper de nouvelles.<\/p>\n<p><span style=\"font-weight: 400;\">PowerHockey Canada est un fier membre de <a href=\"https:\/\/truesportpur.ca\/fr?fbclid=IwAR3jb9hJaiR_10K8x2FJlYZ-duU4RT8Mpqc2b2ZM74Yz8T2maaxu-dv50xM\" target=\"_blank\" rel=\"noopener noreferrer\">Sport Pur<\/a>, assurant l&#8217;engagement pour une exp\u00e9rience sportive s\u00e9curitaire et inclusive pour tous. Les valeurs de Sport Pur est d&#8217;\u00e9quit\u00e9, d&#8217;excellence, d&#8217;inclusion et de plaisir, ainsi que les sept principes de Sport Pur, sont int\u00e9gr\u00e9s \u00e0 chaque initiative de PowerHockey Canada.<\/span><span style=\"font-weight: 400;\">\u00a0<\/span><\/p>\n<p><span style=\"font-weight: 400;\">Du niveau local au jeu de haute performance, PowerHockey Canada s&#8217;engage \u00e0 l&#8217;excellence pour tous les para-athl\u00e8tes d&#8217;un oc\u00e9an \u00e0 l&#8217;autre. Son conseil d&#8217;administration, ax\u00e9 sur les joueurs, trouve des moyens de dialoguer avec tous les Canadiens, d\u00e9montrant les capacit\u00e9s des para-athl\u00e8tes et montrant que le succ\u00e8s et l&#8217;excellence ne sont pas limit\u00e9s par les capacit\u00e9s.<\/span><\/p>\n<\/div><style type=\"text\/css\"><\/style><div class=\"fusion-title title fusion-title-1 fusion-sep-none fusion-title-text fusion-title-size-one\" style=\"margin-top:0px;margin-right:0px;margin-bottom:20px;margin-left:0px;\"><h1 class=\"title-heading-left fusion-responsive-typography-calculated\" style=\"margin:0;color:#d61f26;--fontSize:34;line-height:1.4;\"><strong>Notre Mission<\/strong><\/h1><\/div><div class=\"fusion-text fusion-text-2\"><p><span style=\"font-weight: 400;\">Permettre aux para-athl\u00e8tes de toutes capacit\u00e9s qui utilisent un fauteuil roulant \u00e9lectrique de participer au sport de powerhockey en d\u00e9veloppant et en soutenant des ligues du niveau r\u00e9cr\u00e9atif local jusqu&#8217;\u00e0 et y compris un programme national de haute performance.<\/span><\/p>\n<\/div><style type=\"text\/css\"><\/style><div class=\"fusion-title title fusion-title-2 fusion-sep-none fusion-title-text fusion-title-size-one\" style=\"margin-top:0px;margin-right:0px;margin-bottom:20px;margin-left:0px;\"><h1 class=\"title-heading-left fusion-responsive-typography-calculated\" style=\"margin:0;color:#d61f26;--fontSize:34;line-height:1.4;\"><strong>Notre Vision<\/strong><\/h1><\/div><div class=\"fusion-text fusion-text-3\"><p><span style=\"font-weight: 400;\">Cr\u00e9er un r\u00e9seau solide et inclusif de ligues de powerhockey \u00e0 travers le Canada et devenir la meilleure nation de powerhockey au monde.<\/span><\/p>\n<\/div><style type=\"text\/css\"><\/style><div class=\"fusion-title title fusion-title-3 fusion-sep-none fusion-title-text fusion-title-size-one\" style=\"margin-top:0px;margin-right:0px;margin-bottom:20px;margin-left:0px;\"><h1 class=\"title-heading-left fusion-responsive-typography-calculated\" style=\"margin:0;color:#d61f26;--fontSize:34;line-height:1.4;\"><strong>Nos Buts et Objectifs<\/strong><\/h1><\/div><div class=\"fusion-text fusion-text-4\"><ul>\n<li><span style=\"font-weight: 400;\"> Egrandir et d\u00e9velopper un solide <strong>r\u00e9seau inclusif de ligues \u00e0 travers<\/strong> (local, r\u00e9gional et national).<\/span><\/li>\n<li><span style=\"font-weight: 400;\"><strong> Renforcer les partenariats<\/strong> avec IWAS et les organisations internationales de powerhockey.<\/span><\/li>\n<li><span style=\"font-weight: 400;\"> Accro\u00eetre <strong>la sensibilisation, la reconnaissance et la participation<\/strong> au powerhockey \u00e0 travers le Canada.<\/span><\/li>\n<li><span style=\"font-weight: 400;\"> Organiser <strong>la Coupe nationale PowerHockey Canada<\/strong> ainsi que d\u00e9velopper un<strong> programme national d&#8217;entra\u00eenement de haute performance<\/strong> et repr\u00e9senter le powerhockey sur la sc\u00e8ne internationale.<\/span><\/li>\n<li><span style=\"font-weight: 400;\"><strong> All\u00e9ger le fardeau financier de l&#8217;exploitation des programmes<\/strong> de powerhockey au Canada et de la concurrence internationale.<\/span><\/li>\n<\/ul>\n<\/div><div class=\"fusion-clearfix\"><\/div><\/div><\/div><\/div><\/div>\n","protected":false},"excerpt":{"rendered":"","protected":false},"author":2,"featured_media":0,"parent":1290,"menu_order":0,"comment_status":"closed","ping_status":"closed","template":"","meta":{"footnotes":""},"class_list":["post-1292","page","type-page","status-publish","hentry"],"yoast_head":"<!-- This site is optimized with the Yoast SEO plugin v25.6 - https:\/\/yoast.com\/wordpress\/plugins\/seo\/ -->\n<title>Qui Nous Sommes - PowerHockey Canada<\/title>\n<meta name=\"robots\" content=\"index, follow, max-snippet:-1, max-image-preview:large, max-video-preview:-1\" \/>\n<link rel=\"canonical\" href=\"https:\/\/powerhockeycanada.com\/fr\/sur\/qui-nous-sommes\/\" \/>\n<meta property=\"og:locale\" content=\"en_US\" \/>\n<meta property=\"og:type\" content=\"article\" \/>\n<meta property=\"og:title\" content=\"Qui Nous Sommes - PowerHockey Canada\" \/>\n<meta property=\"og:url\" content=\"https:\/\/powerhockeycanada.com\/fr\/sur\/qui-nous-sommes\/\" \/>\n<meta property=\"og:site_name\" content=\"PowerHockey Canada\" \/>\n<meta property=\"article:modified_time\" content=\"2020-08-17T00:30:55+00:00\" \/>\n<meta name=\"twitter:card\" content=\"summary_large_image\" \/>\n<meta name=\"twitter:label1\" content=\"Est. reading time\" \/>\n\t<meta name=\"twitter:data1\" content=\"6 minutes\" \/>\n<script type=\"application\/ld+json\" class=\"yoast-schema-graph\">{\"@context\":\"https:\/\/schema.org\",\"@graph\":[{\"@type\":\"WebPage\",\"@id\":\"https:\/\/powerhockeycanada.com\/fr\/sur\/qui-nous-sommes\/\",\"url\":\"https:\/\/powerhockeycanada.com\/fr\/sur\/qui-nous-sommes\/\",\"name\":\"Qui Nous Sommes - PowerHockey Canada\",\"isPartOf\":{\"@id\":\"https:\/\/powerhockeycanada.com\/fr\/#website\"},\"datePublished\":\"2020-04-30T17:43:11+00:00\",\"dateModified\":\"2020-08-17T00:30:55+00:00\",\"breadcrumb\":{\"@id\":\"https:\/\/powerhockeycanada.com\/fr\/sur\/qui-nous-sommes\/#breadcrumb\"},\"inLanguage\":\"en\",\"potentialAction\":[{\"@type\":\"ReadAction\",\"target\":[\"https:\/\/powerhockeycanada.com\/fr\/sur\/qui-nous-sommes\/\"]}]},{\"@type\":\"BreadcrumbList\",\"@id\":\"https:\/\/powerhockeycanada.com\/fr\/sur\/qui-nous-sommes\/#breadcrumb\",\"itemListElement\":[{\"@type\":\"ListItem\",\"position\":1,\"name\":\"Home\",\"item\":\"https:\/\/powerhockeycanada.com\/fr\/\"},{\"@type\":\"ListItem\",\"position\":2,\"name\":\"Sur\",\"item\":\"https:\/\/powerhockeycanada.com\/fr\/sur\/\"},{\"@type\":\"ListItem\",\"position\":3,\"name\":\"Qui Nous Sommes\"}]},{\"@type\":\"WebSite\",\"@id\":\"https:\/\/powerhockeycanada.com\/fr\/#website\",\"url\":\"https:\/\/powerhockeycanada.com\/fr\/\",\"name\":\"PowerHockey Canada\",\"description\":\"#AlimenterLaNation\",\"potentialAction\":[{\"@type\":\"SearchAction\",\"target\":{\"@type\":\"EntryPoint\",\"urlTemplate\":\"https:\/\/powerhockeycanada.com\/fr\/?s={search_term_string}\"},\"query-input\":{\"@type\":\"PropertyValueSpecification\",\"valueRequired\":true,\"valueName\":\"search_term_string\"}}],\"inLanguage\":\"en\"}]}<\/script>\n<!-- \/ Yoast SEO plugin. -->","yoast_head_json":{"title":"Qui Nous Sommes - PowerHockey Canada","robots":{"index":"index","follow":"follow","max-snippet":"max-snippet:-1","max-image-preview":"max-image-preview:large","max-video-preview":"max-video-preview:-1"},"canonical":"https:\/\/powerhockeycanada.com\/fr\/sur\/qui-nous-sommes\/","og_locale":"en_US","og_type":"article","og_title":"Qui Nous Sommes - PowerHockey Canada","og_url":"https:\/\/powerhockeycanada.com\/fr\/sur\/qui-nous-sommes\/","og_site_name":"PowerHockey Canada","article_modified_time":"2020-08-17T00:30:55+00:00","twitter_card":"summary_large_image","twitter_misc":{"Est. reading time":"6 minutes"},"schema":{"@context":"https:\/\/schema.org","@graph":[{"@type":"WebPage","@id":"https:\/\/powerhockeycanada.com\/fr\/sur\/qui-nous-sommes\/","url":"https:\/\/powerhockeycanada.com\/fr\/sur\/qui-nous-sommes\/","name":"Qui Nous Sommes - PowerHockey Canada","isPartOf":{"@id":"https:\/\/powerhockeycanada.com\/fr\/#website"},"datePublished":"2020-04-30T17:43:11+00:00","dateModified":"2020-08-17T00:30:55+00:00","breadcrumb":{"@id":"https:\/\/powerhockeycanada.com\/fr\/sur\/qui-nous-sommes\/#breadcrumb"},"inLanguage":"en","potentialAction":[{"@type":"ReadAction","target":["https:\/\/powerhockeycanada.com\/fr\/sur\/qui-nous-sommes\/"]}]},{"@type":"BreadcrumbList","@id":"https:\/\/powerhockeycanada.com\/fr\/sur\/qui-nous-sommes\/#breadcrumb","itemListElement":[{"@type":"ListItem","position":1,"name":"Home","item":"https:\/\/powerhockeycanada.com\/fr\/"},{"@type":"ListItem","position":2,"name":"Sur","item":"https:\/\/powerhockeycanada.com\/fr\/sur\/"},{"@type":"ListItem","position":3,"name":"Qui Nous Sommes"}]},{"@type":"WebSite","@id":"https:\/\/powerhockeycanada.com\/fr\/#website","url":"https:\/\/powerhockeycanada.com\/fr\/","name":"PowerHockey Canada","description":"#AlimenterLaNation","potentialAction":[{"@type":"SearchAction","target":{"@type":"EntryPoint","urlTemplate":"https:\/\/powerhockeycanada.com\/fr\/?s={search_term_string}"},"query-input":{"@type":"PropertyValueSpecification","valueRequired":true,"valueName":"search_term_string"}}],"inLanguage":"en"}]}},"_links":{"self":[{"href":"https:\/\/powerhockeycanada.com\/fr\/wp-json\/wp\/v2\/pages\/1292"}],"collection":[{"href":"https:\/\/powerhockeycanada.com\/fr\/wp-json\/wp\/v2\/pages"}],"about":[{"href":"https:\/\/powerhockeycanada.com\/fr\/wp-json\/wp\/v2\/types\/page"}],"author":[{"embeddable":true,"href":"https:\/\/powerhockeycanada.com\/fr\/wp-json\/wp\/v2\/users\/2"}],"replies":[{"embeddable":true,"href":"https:\/\/powerhockeycanada.com\/fr\/wp-json\/wp\/v2\/comments?post=1292"}],"version-history":[{"count":18,"href":"https:\/\/powerhockeycanada.com\/fr\/wp-json\/wp\/v2\/pages\/1292\/revisions"}],"predecessor-version":[{"id":1592,"href":"https:\/\/powerhockeycanada.com\/fr\/wp-json\/wp\/v2\/pages\/1292\/revisions\/1592"}],"up":[{"embeddable":true,"href":"https:\/\/powerhockeycanada.com\/fr\/wp-json\/wp\/v2\/pages\/1290"}],"wp:attachment":[{"href":"https:\/\/powerhockeycanada.com\/fr\/wp-json\/wp\/v2\/media?parent=1292"}],"curies":[{"name":"wp","href":"https:\/\/api.w.org\/{rel}","templated":true}]}}