{"id":1294,"date":"2020-04-30T17:47:15","date_gmt":"2020-04-30T17:47:15","guid":{"rendered":"http:\/\/powerhockeycanada.com\/fr\/?page_id=1294"},"modified":"2020-05-10T15:41:24","modified_gmt":"2020-05-10T20:41:24","slug":"le-conseil","status":"publish","type":"page","link":"https:\/\/powerhockeycanada.com\/fr\/sur\/le-conseil\/","title":{"rendered":"Le Conseil"},"content":{"rendered":"<div class=\"fusion-fullwidth fullwidth-box fusion-builder-row-1 nonhundred-percent-fullwidth non-hundred-percent-height-scrolling\" style=\"background-color: #ffffff;background-position: center center;background-repeat: no-repeat;padding-top:0px;padding-right:0px;padding-bottom:0px;padding-left:0px;margin-bottom: 0px;margin-top: 0px;border-width: 0px 0px 0px 0px;border-color:#3e3e3e;border-style:solid;\" ><div class=\"fusion-builder-row fusion-row\"><div class=\"fusion-layout-column fusion_builder_column fusion-builder-column-0 fusion_builder_column_1_1 1_1 fusion-one-full fusion-column-first fusion-column-last\" style=\"margin-top:0px;margin-bottom:20px;\"><div class=\"fusion-column-wrapper fusion-flex-column-wrapper-legacy\" style=\"background-position:left top;background-repeat:no-repeat;-webkit-background-size:cover;-moz-background-size:cover;-o-background-size:cover;background-size:cover;padding: 0px 0px 0px 0px;\"><div class=\"fusion-text fusion-text-1\"><p><span style=\"font-weight: 400;\">Le conseil d\u2019administration de PowerHockey Canada est actuellement compos\u00e9 de cinq personnes qui repr\u00e9sentent un engagement clair envers le sport du powerhockey et des parasports. Le conseil comprend trois joueurs actuels ou anciens de powerhockey, un entra\u00eeneur exp\u00e9riment\u00e9 et un d\u00e9fenseur du parasport tr\u00e8s respect\u00e9. Cumulativement, l&#8217;exp\u00e9rience acquise dans le sport et \/ ou les parasports d\u00e9passe 100 ans.<\/span><\/p>\n<\/div><div class=\"fusion-builder-row fusion-builder-row-inner fusion-row\"><div class=\"fusion-layout-column fusion_builder_column_inner fusion-builder-nested-column-0 fusion_builder_column_inner_1_4 1_4 fusion-one-fourth fusion-column-first\" style=\"width:25%;width:calc(25% - ( ( 4% ) * 0.25 ) );margin-right: 4%;margin-top:0px;margin-bottom:20px;\"><div class=\"fusion-column-wrapper fusion-flex-column-wrapper-legacy\" style=\"background-position:left top;background-repeat:no-repeat;-webkit-background-size:cover;-moz-background-size:cover;-o-background-size:cover;background-size:cover;padding: 0px 0px 0px 0px;\"><span class=\" fusion-imageframe imageframe-none imageframe-1 hover-type-none\"><img decoding=\"async\" width=\"250\" height=\"200\" title=\"PaulDesaulniers250x200\" data-src=\"http:\/\/powerhockeycanada.com\/fr\/wp-content\/uploads\/2020\/05\/PaulDesaulniers250x200.jpg\" alt class=\"img-responsive wp-image-1411 lazyload\" data-srcset=\"https:\/\/powerhockeycanada.com\/fr\/wp-content\/uploads\/2020\/05\/PaulDesaulniers250x200-200x160.jpg 200w, https:\/\/powerhockeycanada.com\/fr\/wp-content\/uploads\/2020\/05\/PaulDesaulniers250x200.jpg 250w\" data-sizes=\"(max-width: 800px) 100vw, 250px\" src=\"data:image\/svg+xml;base64,PHN2ZyB3aWR0aD0iMSIgaGVpZ2h0PSIxIiB4bWxucz0iaHR0cDovL3d3dy53My5vcmcvMjAwMC9zdmciPjwvc3ZnPg==\" style=\"--smush-placeholder-width: 250px; --smush-placeholder-aspect-ratio: 250\/200;\" \/><\/span><div class=\"fusion-clearfix\"><\/div><\/div><\/div><div class=\"fusion-layout-column fusion_builder_column_inner fusion-builder-nested-column-1 fusion_builder_column_inner_3_4 3_4 fusion-three-fourth fusion-column-last\" style=\"width:75%;width:calc(75% - ( ( 4% ) * 0.75 ) );margin-top:0px;margin-bottom:20px;\"><div class=\"fusion-column-wrapper fusion-flex-column-wrapper-legacy\" style=\"background-position:left top;background-repeat:no-repeat;-webkit-background-size:cover;-moz-background-size:cover;-o-background-size:cover;background-size:cover;padding: 0px 0px 0px 0px;\"><style type=\"text\/css\"><\/style><div class=\"fusion-title title fusion-title-1 fusion-sep-none fusion-title-text fusion-title-size-two\" style=\"margin-top:0px;margin-right:0px;margin-bottom:0px;margin-left:0px;\"><h2 class=\"title-heading-left fusion-responsive-typography-calculated\" style=\"margin:0;color:#d61f26;--fontSize:30;line-height:1.5;\">Paul Desaulniers<\/h2><\/div><div class=\"fusion-text fusion-text-2\"><p><em><span style=\"font-weight: 400;\">Pr\u00e9sident<\/span><\/em><br \/>\n<a href=\"mailto:paul@powerhockeycanada.com\" target=\"_blank\" rel=\"noopener noreferrer\">paul@powerhockeycanada.com<\/a><\/p>\n<\/div><div class=\"fusion-text fusion-text-3\"><p><span style=\"font-weight: 400;\">Paul a commenc\u00e9 \u00e0 jouer au powerhockey en 1998 et pendant 19 ans, il a concouru aux niveaux local, national et international, remportant plusieurs championnats en cours de route. Paul est impliqu\u00e9 dans la gestion du sport depuis 2011 et est \u00e9galement entra\u00eeneur depuis sa retraite avec sa ligue locale. En tant que cofondateur et directeur de PowerHockey Canada, il est engag\u00e9 dans le d\u00e9veloppement du sport \u00e0 long terme. Pouss\u00e9 par sa passion pour le powerhockey et ses exp\u00e9riences dans le sport, il s&#8217;efforce de le transmettre aux g\u00e9n\u00e9rations futures de para-athl\u00e8tes canadiens.<\/span><\/p>\n<\/div><div class=\"fusion-clearfix\"><\/div><\/div><\/div><\/div><div class=\"fusion-builder-row fusion-builder-row-inner fusion-row\"><div class=\"fusion-layout-column fusion_builder_column_inner fusion-builder-nested-column-2 fusion_builder_column_inner_1_4 1_4 fusion-one-fourth fusion-column-first\" style=\"width:25%;width:calc(25% - ( ( 4% ) * 0.25 ) );margin-right: 4%;margin-top:0px;margin-bottom:20px;\"><div class=\"fusion-column-wrapper fusion-flex-column-wrapper-legacy\" style=\"background-position:left top;background-repeat:no-repeat;-webkit-background-size:cover;-moz-background-size:cover;-o-background-size:cover;background-size:cover;padding: 0px 0px 0px 0px;\"><span class=\" fusion-imageframe imageframe-none imageframe-2 hover-type-none\"><img decoding=\"async\" width=\"250\" height=\"200\" title=\"MeghanHines250x200\" data-src=\"http:\/\/powerhockeycanada.com\/fr\/wp-content\/uploads\/2020\/05\/MeghanHines250x200.jpg\" alt class=\"img-responsive wp-image-1410 lazyload\" data-srcset=\"https:\/\/powerhockeycanada.com\/fr\/wp-content\/uploads\/2020\/05\/MeghanHines250x200-200x160.jpg 200w, https:\/\/powerhockeycanada.com\/fr\/wp-content\/uploads\/2020\/05\/MeghanHines250x200.jpg 250w\" data-sizes=\"(max-width: 800px) 100vw, 250px\" src=\"data:image\/svg+xml;base64,PHN2ZyB3aWR0aD0iMSIgaGVpZ2h0PSIxIiB4bWxucz0iaHR0cDovL3d3dy53My5vcmcvMjAwMC9zdmciPjwvc3ZnPg==\" style=\"--smush-placeholder-width: 250px; --smush-placeholder-aspect-ratio: 250\/200;\" \/><\/span><div class=\"fusion-clearfix\"><\/div><\/div><\/div><div class=\"fusion-layout-column fusion_builder_column_inner fusion-builder-nested-column-3 fusion_builder_column_inner_3_4 3_4 fusion-three-fourth fusion-column-last\" style=\"width:75%;width:calc(75% - ( ( 4% ) * 0.75 ) );margin-top:0px;margin-bottom:20px;\"><div class=\"fusion-column-wrapper fusion-flex-column-wrapper-legacy\" style=\"background-position:left top;background-repeat:no-repeat;-webkit-background-size:cover;-moz-background-size:cover;-o-background-size:cover;background-size:cover;padding: 0px 0px 0px 0px;\"><style type=\"text\/css\"><\/style><div class=\"fusion-title title fusion-title-2 fusion-sep-none fusion-title-text fusion-title-size-two\" style=\"margin-top:0px;margin-right:0px;margin-bottom:0px;margin-left:0px;\"><h2 class=\"title-heading-left fusion-responsive-typography-calculated\" style=\"margin:0;color:#d61f26;--fontSize:30;line-height:1.5;\">Meghan Hines<\/h2><\/div><div class=\"fusion-text fusion-text-4\"><p><em><span style=\"font-weight: 400;\">Vice-pr\u00e9sidente<\/span><\/em><br \/>\n<a href=\"mailto:meghan@powerhockeycanada.com\" target=\"_blank\" rel=\"noopener noreferrer\">meghan@powerhockeycanada.com<\/a><\/p>\n<\/div><div class=\"fusion-text fusion-text-5\"><p><span style=\"font-weight: 400;\">En tant que para-athl\u00e8te depuis plus de 20 ans, Meghan poss\u00e8de une vaste exp\u00e9rience sur laquelle s&#8217;appuyer. Elle a particip\u00e9 au ski Track3, \u00e0 l&#8217;\u00e9quitation, au patinage artistique et au powerhockey, tant sur le plan r\u00e9cr\u00e9atif que comp\u00e9titif. Son implication dans les parasports l&#8217;a impact\u00e9e positivement sur le plan personnel ainsi que dans sa carri\u00e8re de professionnelle des ressources humaines. Les qualit\u00e9s de leadership et la passion de Meghan pour le powerhockey l&#8217;ont finalement amen\u00e9e \u00e0 participer \u00e0 des comp\u00e9titions internationales, \u00e0 repr\u00e9senter le Canada aux Championnats australiens de club de hockey Powerchair et au Championnat du monde IWAS 2018, ainsi qu&#8217;\u00e0 devenir cofondatrice et vice-pr\u00e9sidente de PowerHockey Canada.<\/span><\/p>\n<\/div><div class=\"fusion-clearfix\"><\/div><\/div><\/div><\/div><div class=\"fusion-builder-row fusion-builder-row-inner fusion-row\"><div class=\"fusion-layout-column fusion_builder_column_inner fusion-builder-nested-column-4 fusion_builder_column_inner_1_4 1_4 fusion-one-fourth fusion-column-first\" style=\"width:25%;width:calc(25% - ( ( 4% ) * 0.25 ) );margin-right: 4%;margin-top:0px;margin-bottom:20px;\"><div class=\"fusion-column-wrapper fusion-flex-column-wrapper-legacy\" style=\"background-position:left top;background-repeat:no-repeat;-webkit-background-size:cover;-moz-background-size:cover;-o-background-size:cover;background-size:cover;padding: 0px 0px 0px 0px;\"><span class=\" fusion-imageframe imageframe-none imageframe-3 hover-type-none\"><img decoding=\"async\" width=\"250\" height=\"200\" title=\"ArchieAllison250x200\" data-src=\"http:\/\/powerhockeycanada.com\/fr\/wp-content\/uploads\/2020\/05\/ArchieAllison250x200.jpg\" alt class=\"img-responsive wp-image-1409 lazyload\" data-srcset=\"https:\/\/powerhockeycanada.com\/fr\/wp-content\/uploads\/2020\/05\/ArchieAllison250x200-200x160.jpg 200w, https:\/\/powerhockeycanada.com\/fr\/wp-content\/uploads\/2020\/05\/ArchieAllison250x200.jpg 250w\" data-sizes=\"(max-width: 800px) 100vw, 250px\" src=\"data:image\/svg+xml;base64,PHN2ZyB3aWR0aD0iMSIgaGVpZ2h0PSIxIiB4bWxucz0iaHR0cDovL3d3dy53My5vcmcvMjAwMC9zdmciPjwvc3ZnPg==\" style=\"--smush-placeholder-width: 250px; --smush-placeholder-aspect-ratio: 250\/200;\" \/><\/span><div class=\"fusion-clearfix\"><\/div><\/div><\/div><div class=\"fusion-layout-column fusion_builder_column_inner fusion-builder-nested-column-5 fusion_builder_column_inner_3_4 3_4 fusion-three-fourth fusion-column-last\" style=\"width:75%;width:calc(75% - ( ( 4% ) * 0.75 ) );margin-top:0px;margin-bottom:20px;\"><div class=\"fusion-column-wrapper fusion-flex-column-wrapper-legacy\" style=\"background-position:left top;background-repeat:no-repeat;-webkit-background-size:cover;-moz-background-size:cover;-o-background-size:cover;background-size:cover;padding: 0px 0px 0px 0px;\"><style type=\"text\/css\"><\/style><div class=\"fusion-title title fusion-title-3 fusion-sep-none fusion-title-text fusion-title-size-two\" style=\"margin-top:0px;margin-right:0px;margin-bottom:0px;margin-left:0px;\"><h2 class=\"title-heading-left fusion-responsive-typography-calculated\" style=\"margin:0;color:#d61f26;--fontSize:30;line-height:1.5;\">Archie Allison<\/h2><\/div><div class=\"fusion-text fusion-text-6\"><p>Directeur<br \/>\n<a href=\"mailto:archie@powerhockeycanada.com\" target=\"_blank\" rel=\"noopener noreferrer\">archie@powerhockeycanada.com<\/a><\/p>\n<\/div><div class=\"fusion-text fusion-text-7\"><p><span style=\"font-weight: 400;\">Archie est un ardent d\u00e9fenseur des personnes handicap\u00e9es depuis plus de 35 ans tout au long de sa carri\u00e8re. Il a soutenu de nombreux efforts pour les parasports avec son r\u00f4le au Variety Village, une installation de loisirs \u00e0 Toronto, favorisant l&#8217;inclusivit\u00e9 et la sensibilisation. La personnalit\u00e9 aimable et accueillante d&#8217;Archie, associ\u00e9e \u00e0 sa passion in\u00e9branlable d&#8217;aider les individus \u00e0 atteindre leur plein potentiel, font de lui un membre pr\u00e9cieux de la strat\u00e9gie de d\u00e9veloppement de la croissance de PowerHockey Canada \u00e0 travers le pays. L\u2019engagement d\u2019Archie l\u2019a amen\u00e9 \u00e0 ouvrir la voie \u00e0 une exposition et \u00e0 une participation innombrables de personnes dans les parasports, ce qui a fait de lui un intronis\u00e9 au Temple canadien de la renomm\u00e9e des personnes handicap\u00e9es et au Temple de la renomm\u00e9e sportive de Toronto.<\/span><\/p>\n<\/div><div class=\"fusion-clearfix\"><\/div><\/div><\/div><\/div><div class=\"fusion-builder-row fusion-builder-row-inner fusion-row\"><div class=\"fusion-layout-column fusion_builder_column_inner fusion-builder-nested-column-6 fusion_builder_column_inner_1_4 1_4 fusion-one-fourth fusion-column-first\" style=\"width:25%;width:calc(25% - ( ( 4% ) * 0.25 ) );margin-right: 4%;margin-top:0px;margin-bottom:20px;\"><div class=\"fusion-column-wrapper fusion-flex-column-wrapper-legacy\" style=\"background-position:left top;background-repeat:no-repeat;-webkit-background-size:cover;-moz-background-size:cover;-o-background-size:cover;background-size:cover;padding: 0px 0px 0px 0px;\"><span class=\" fusion-imageframe imageframe-none imageframe-4 hover-type-none\"><img decoding=\"async\" width=\"250\" height=\"200\" title=\"EmmettBritton250x200\" data-src=\"http:\/\/powerhockeycanada.com\/fr\/wp-content\/uploads\/2020\/05\/EmmettBritton250x200.jpg\" alt class=\"img-responsive wp-image-1513 lazyload\" data-srcset=\"https:\/\/powerhockeycanada.com\/fr\/wp-content\/uploads\/2020\/05\/EmmettBritton250x200-200x160.jpg 200w, https:\/\/powerhockeycanada.com\/fr\/wp-content\/uploads\/2020\/05\/EmmettBritton250x200.jpg 250w\" data-sizes=\"(max-width: 800px) 100vw, 250px\" src=\"data:image\/svg+xml;base64,PHN2ZyB3aWR0aD0iMSIgaGVpZ2h0PSIxIiB4bWxucz0iaHR0cDovL3d3dy53My5vcmcvMjAwMC9zdmciPjwvc3ZnPg==\" style=\"--smush-placeholder-width: 250px; --smush-placeholder-aspect-ratio: 250\/200;\" \/><\/span><div class=\"fusion-clearfix\"><\/div><\/div><\/div><div class=\"fusion-layout-column fusion_builder_column_inner fusion-builder-nested-column-7 fusion_builder_column_inner_3_4 3_4 fusion-three-fourth fusion-column-last\" style=\"width:75%;width:calc(75% - ( ( 4% ) * 0.75 ) );margin-top:0px;margin-bottom:20px;\"><div class=\"fusion-column-wrapper fusion-flex-column-wrapper-legacy\" style=\"background-position:left top;background-repeat:no-repeat;-webkit-background-size:cover;-moz-background-size:cover;-o-background-size:cover;background-size:cover;padding: 0px 0px 0px 0px;\"><style type=\"text\/css\"><\/style><div class=\"fusion-title title fusion-title-4 fusion-sep-none fusion-title-text fusion-title-size-two\" style=\"margin-top:0px;margin-right:0px;margin-bottom:0px;margin-left:0px;\"><h2 class=\"title-heading-left fusion-responsive-typography-calculated\" style=\"margin:0;color:#d61f26;--fontSize:30;line-height:1.5;\">Emmett Britton<\/h2><\/div><div class=\"fusion-text fusion-text-8\"><p><em>Directeur<\/em><br \/>\n<a href=\"mailto:emmett@powerhockeycanada.com\" target=\"_blank\" rel=\"noopener noreferrer\">emmett@powerhockeycanada.com<\/a><\/p>\n<\/div><div class=\"fusion-text fusion-text-9\"><p><span style=\"font-weight: 400;\">Athl\u00e8te depuis son plus jeune \u00e2ge, Emmett a \u00e9t\u00e9 impliqu\u00e9 dans le sport toute sa vie. Sa passion pour le powerhockey est n\u00e9e \u00e0 l&#8217;\u00e2ge de 14 ans en tant qu&#8217;entra\u00eeneur b\u00e9n\u00e9vole aux c\u00f4t\u00e9s de son p\u00e8re et a \u00e9volu\u00e9 depuis. Emmett a d\u00e9velopp\u00e9 ses comp\u00e9tences d&#8217;entra\u00eeneur, ce qui l&#8217;a amen\u00e9 \u00e0 entra\u00eener sa propre \u00e9quipe de ligue maison tout en jouant un r\u00f4le d&#8217;entra\u00eeneur principal avec l&#8217;\u00e9quipe comp\u00e9titive. Maintenant \u00e9tudiant en gestion du sport \u00e0 l&#8217;universit\u00e9, il traduit sa passion en carri\u00e8re et a pris une position de leadership en tant que co-fondateur de PowerHockey Canada. L&#8217;approche jeune et la personnalit\u00e9 aimable d&#8217;Emmett l&#8217;ont amen\u00e9 \u00e0 se faire des amis pour la vie gr\u00e2ce \u00e0 son implication dans le powerhockey, ce qui a eu un impact consid\u00e9rable sur sa vie.<\/span><\/p>\n<\/div><div class=\"fusion-clearfix\"><\/div><\/div><\/div><\/div><div class=\"fusion-builder-row fusion-builder-row-inner fusion-row\"><div class=\"fusion-layout-column fusion_builder_column_inner fusion-builder-nested-column-8 fusion_builder_column_inner_1_4 1_4 fusion-one-fourth fusion-column-first\" style=\"width:25%;width:calc(25% - ( ( 4% ) * 0.25 ) );margin-right: 4%;margin-top:0px;margin-bottom:20px;\"><div class=\"fusion-column-wrapper fusion-flex-column-wrapper-legacy\" style=\"background-position:left top;background-repeat:no-repeat;-webkit-background-size:cover;-moz-background-size:cover;-o-background-size:cover;background-size:cover;padding: 0px 0px 0px 0px;\"><span class=\" fusion-imageframe imageframe-none imageframe-5 hover-type-none\"><img decoding=\"async\" width=\"250\" height=\"200\" title=\"AlexMcLean250x200\" data-src=\"http:\/\/powerhockeycanada.com\/fr\/wp-content\/uploads\/2020\/05\/AlexMcLean250x200.jpg\" alt class=\"img-responsive wp-image-1408 lazyload\" data-srcset=\"https:\/\/powerhockeycanada.com\/fr\/wp-content\/uploads\/2020\/05\/AlexMcLean250x200-200x160.jpg 200w, https:\/\/powerhockeycanada.com\/fr\/wp-content\/uploads\/2020\/05\/AlexMcLean250x200.jpg 250w\" data-sizes=\"(max-width: 800px) 100vw, 250px\" src=\"data:image\/svg+xml;base64,PHN2ZyB3aWR0aD0iMSIgaGVpZ2h0PSIxIiB4bWxucz0iaHR0cDovL3d3dy53My5vcmcvMjAwMC9zdmciPjwvc3ZnPg==\" style=\"--smush-placeholder-width: 250px; --smush-placeholder-aspect-ratio: 250\/200;\" \/><\/span><div class=\"fusion-clearfix\"><\/div><\/div><\/div><div class=\"fusion-layout-column fusion_builder_column_inner fusion-builder-nested-column-9 fusion_builder_column_inner_3_4 3_4 fusion-three-fourth fusion-column-last\" style=\"width:75%;width:calc(75% - ( ( 4% ) * 0.75 ) );margin-top:0px;margin-bottom:20px;\"><div class=\"fusion-column-wrapper fusion-flex-column-wrapper-legacy\" style=\"background-position:left top;background-repeat:no-repeat;-webkit-background-size:cover;-moz-background-size:cover;-o-background-size:cover;background-size:cover;padding: 0px 0px 0px 0px;\"><style type=\"text\/css\"><\/style><div class=\"fusion-title title fusion-title-5 fusion-sep-none fusion-title-text fusion-title-size-two\" style=\"margin-top:0px;margin-right:0px;margin-bottom:0px;margin-left:0px;\"><h2 class=\"title-heading-left fusion-responsive-typography-calculated\" style=\"margin:0;color:#d61f26;--fontSize:30;line-height:1.5;\">Alex McLean<\/h2><\/div><div class=\"fusion-text fusion-text-10\"><p>Directeur<br \/>\n<a href=\"mailto:alex@powerhockeycanada.com\" target=\"_blank\" rel=\"noopener noreferrer\">alex@powerhockeycanada.com<\/a><\/p>\n<\/div><div class=\"fusion-text fusion-text-11\"><p><span style=\"font-weight: 400;\">Alex a commenc\u00e9 sa carri\u00e8re de powerhockey en 2003 et a excell\u00e9, recevant de nombreux prix pour son jeu. Il a particip\u00e9 \u00e0 de nombreux tournois, plus r\u00e9cemment, il a repr\u00e9sent\u00e9 le Canada aux championnats australiens de club de hockey Powerchair 2019 ainsi qu&#8217;au championnat du monde IWAS 2018. Ayant une formation en \u00e9ducation parajuridique, il apporte une approche r\u00e9fl\u00e9chie au sport. En tant que cofondateur de PowerHockey Canada, Alex apporte une richesse in\u00e9gal\u00e9e de connaissances analytiques et strat\u00e9giques qui ajoute \u00e0 la force et \u00e0 l&#8217;orientation g\u00e9n\u00e9rales de l&#8217;organisation.<\/span><\/p>\n<\/div><div class=\"fusion-clearfix\"><\/div><\/div><\/div><\/div><div class=\"fusion-clearfix\"><\/div><\/div><\/div><\/div><\/div>\n","protected":false},"excerpt":{"rendered":"","protected":false},"author":2,"featured_media":0,"parent":1290,"menu_order":1,"comment_status":"closed","ping_status":"closed","template":"","meta":{"footnotes":""},"class_list":["post-1294","page","type-page","status-publish","hentry"],"yoast_head":"<!-- This site is optimized with the Yoast SEO plugin v25.6 - https:\/\/yoast.com\/wordpress\/plugins\/seo\/ -->\n<title>Le Conseil - PowerHockey Canada<\/title>\n<meta name=\"robots\" content=\"index, follow, max-snippet:-1, max-image-preview:large, max-video-preview:-1\" \/>\n<link rel=\"canonical\" href=\"https:\/\/powerhockeycanada.com\/fr\/sur\/le-conseil\/\" \/>\n<meta property=\"og:locale\" content=\"en_US\" \/>\n<meta property=\"og:type\" content=\"article\" \/>\n<meta property=\"og:title\" content=\"Le Conseil - PowerHockey Canada\" \/>\n<meta property=\"og:url\" content=\"https:\/\/powerhockeycanada.com\/fr\/sur\/le-conseil\/\" \/>\n<meta property=\"og:site_name\" content=\"PowerHockey Canada\" \/>\n<meta property=\"article:modified_time\" content=\"2020-05-10T20:41:24+00:00\" \/>\n<meta name=\"twitter:card\" content=\"summary_large_image\" \/>\n<meta name=\"twitter:label1\" content=\"Est. reading time\" \/>\n\t<meta name=\"twitter:data1\" content=\"21 minutes\" \/>\n<script type=\"application\/ld+json\" class=\"yoast-schema-graph\">{\"@context\":\"https:\/\/schema.org\",\"@graph\":[{\"@type\":\"WebPage\",\"@id\":\"https:\/\/powerhockeycanada.com\/fr\/sur\/le-conseil\/\",\"url\":\"https:\/\/powerhockeycanada.com\/fr\/sur\/le-conseil\/\",\"name\":\"Le Conseil - PowerHockey Canada\",\"isPartOf\":{\"@id\":\"https:\/\/powerhockeycanada.com\/fr\/#website\"},\"datePublished\":\"2020-04-30T17:47:15+00:00\",\"dateModified\":\"2020-05-10T20:41:24+00:00\",\"breadcrumb\":{\"@id\":\"https:\/\/powerhockeycanada.com\/fr\/sur\/le-conseil\/#breadcrumb\"},\"inLanguage\":\"en\",\"potentialAction\":[{\"@type\":\"ReadAction\",\"target\":[\"https:\/\/powerhockeycanada.com\/fr\/sur\/le-conseil\/\"]}]},{\"@type\":\"BreadcrumbList\",\"@id\":\"https:\/\/powerhockeycanada.com\/fr\/sur\/le-conseil\/#breadcrumb\",\"itemListElement\":[{\"@type\":\"ListItem\",\"position\":1,\"name\":\"Home\",\"item\":\"https:\/\/powerhockeycanada.com\/fr\/\"},{\"@type\":\"ListItem\",\"position\":2,\"name\":\"Sur\",\"item\":\"https:\/\/powerhockeycanada.com\/fr\/sur\/\"},{\"@type\":\"ListItem\",\"position\":3,\"name\":\"Le Conseil\"}]},{\"@type\":\"WebSite\",\"@id\":\"https:\/\/powerhockeycanada.com\/fr\/#website\",\"url\":\"https:\/\/powerhockeycanada.com\/fr\/\",\"name\":\"PowerHockey Canada\",\"description\":\"#AlimenterLaNation\",\"potentialAction\":[{\"@type\":\"SearchAction\",\"target\":{\"@type\":\"EntryPoint\",\"urlTemplate\":\"https:\/\/powerhockeycanada.com\/fr\/?s={search_term_string}\"},\"query-input\":{\"@type\":\"PropertyValueSpecification\",\"valueRequired\":true,\"valueName\":\"search_term_string\"}}],\"inLanguage\":\"en\"}]}<\/script>\n<!-- \/ Yoast SEO plugin. -->","yoast_head_json":{"title":"Le Conseil - PowerHockey Canada","robots":{"index":"index","follow":"follow","max-snippet":"max-snippet:-1","max-image-preview":"max-image-preview:large","max-video-preview":"max-video-preview:-1"},"canonical":"https:\/\/powerhockeycanada.com\/fr\/sur\/le-conseil\/","og_locale":"en_US","og_type":"article","og_title":"Le Conseil - PowerHockey Canada","og_url":"https:\/\/powerhockeycanada.com\/fr\/sur\/le-conseil\/","og_site_name":"PowerHockey Canada","article_modified_time":"2020-05-10T20:41:24+00:00","twitter_card":"summary_large_image","twitter_misc":{"Est. reading time":"21 minutes"},"schema":{"@context":"https:\/\/schema.org","@graph":[{"@type":"WebPage","@id":"https:\/\/powerhockeycanada.com\/fr\/sur\/le-conseil\/","url":"https:\/\/powerhockeycanada.com\/fr\/sur\/le-conseil\/","name":"Le Conseil - PowerHockey Canada","isPartOf":{"@id":"https:\/\/powerhockeycanada.com\/fr\/#website"},"datePublished":"2020-04-30T17:47:15+00:00","dateModified":"2020-05-10T20:41:24+00:00","breadcrumb":{"@id":"https:\/\/powerhockeycanada.com\/fr\/sur\/le-conseil\/#breadcrumb"},"inLanguage":"en","potentialAction":[{"@type":"ReadAction","target":["https:\/\/powerhockeycanada.com\/fr\/sur\/le-conseil\/"]}]},{"@type":"BreadcrumbList","@id":"https:\/\/powerhockeycanada.com\/fr\/sur\/le-conseil\/#breadcrumb","itemListElement":[{"@type":"ListItem","position":1,"name":"Home","item":"https:\/\/powerhockeycanada.com\/fr\/"},{"@type":"ListItem","position":2,"name":"Sur","item":"https:\/\/powerhockeycanada.com\/fr\/sur\/"},{"@type":"ListItem","position":3,"name":"Le Conseil"}]},{"@type":"WebSite","@id":"https:\/\/powerhockeycanada.com\/fr\/#website","url":"https:\/\/powerhockeycanada.com\/fr\/","name":"PowerHockey Canada","description":"#AlimenterLaNation","potentialAction":[{"@type":"SearchAction","target":{"@type":"EntryPoint","urlTemplate":"https:\/\/powerhockeycanada.com\/fr\/?s={search_term_string}"},"query-input":{"@type":"PropertyValueSpecification","valueRequired":true,"valueName":"search_term_string"}}],"inLanguage":"en"}]}},"_links":{"self":[{"href":"https:\/\/powerhockeycanada.com\/fr\/wp-json\/wp\/v2\/pages\/1294"}],"collection":[{"href":"https:\/\/powerhockeycanada.com\/fr\/wp-json\/wp\/v2\/pages"}],"about":[{"href":"https:\/\/powerhockeycanada.com\/fr\/wp-json\/wp\/v2\/types\/page"}],"author":[{"embeddable":true,"href":"https:\/\/powerhockeycanada.com\/fr\/wp-json\/wp\/v2\/users\/2"}],"replies":[{"embeddable":true,"href":"https:\/\/powerhockeycanada.com\/fr\/wp-json\/wp\/v2\/comments?post=1294"}],"version-history":[{"count":33,"href":"https:\/\/powerhockeycanada.com\/fr\/wp-json\/wp\/v2\/pages\/1294\/revisions"}],"predecessor-version":[{"id":1514,"href":"https:\/\/powerhockeycanada.com\/fr\/wp-json\/wp\/v2\/pages\/1294\/revisions\/1514"}],"up":[{"embeddable":true,"href":"https:\/\/powerhockeycanada.com\/fr\/wp-json\/wp\/v2\/pages\/1290"}],"wp:attachment":[{"href":"https:\/\/powerhockeycanada.com\/fr\/wp-json\/wp\/v2\/media?parent=1294"}],"curies":[{"name":"wp","href":"https:\/\/api.w.org\/{rel}","templated":true}]}}