{"id":1298,"date":"2020-04-30T17:51:23","date_gmt":"2020-04-30T17:51:23","guid":{"rendered":"http:\/\/powerhockeycanada.com\/fr\/?page_id=1298"},"modified":"2020-05-10T14:22:34","modified_gmt":"2020-05-10T19:22:34","slug":"adhesion","status":"publish","type":"page","link":"https:\/\/powerhockeycanada.com\/fr\/sur\/adhesion\/","title":{"rendered":"Adh\u00e9sion"},"content":{"rendered":"<div class=\"fusion-fullwidth fullwidth-box fusion-builder-row-1 nonhundred-percent-fullwidth non-hundred-percent-height-scrolling\" style=\"background-color: #ffffff;background-position: center center;background-repeat: no-repeat;padding-top:0px;padding-right:0px;padding-bottom:0px;padding-left:0px;margin-bottom: 0px;margin-top: 0px;border-width: 0px 0px 0px 0px;border-color:#3e3e3e;border-style:solid;\" ><div class=\"fusion-builder-row fusion-row\"><div class=\"fusion-layout-column fusion_builder_column fusion-builder-column-0 fusion_builder_column_1_1 1_1 fusion-one-full fusion-column-first fusion-column-last\" style=\"margin-top:0px;margin-bottom:20px;\"><div class=\"fusion-column-wrapper fusion-flex-column-wrapper-legacy\" style=\"background-position:left top;background-repeat:no-repeat;-webkit-background-size:cover;-moz-background-size:cover;-o-background-size:cover;background-size:cover;padding: 0px 0px 0px 0px;\"><div class=\"fusion-text fusion-text-1\"><p><span style=\"font-weight: 400;\">Faire partie de PowerHockey Canada signifie avoir une voix dans les discussions et \u00eatre impliqu\u00e9 dans la croissance de notre sport \u00e0 travers le Canada avec des initiatives locales. Ensemble, nous travaillerons \u00e0 accro\u00eetre l&#8217;exposition, la sensibilisation et l&#8217;inclusion dans la communaut\u00e9 \u00e9largie du parasport au profit des para-athl\u00e8tes actuels et futurs au niveau r\u00e9cr\u00e9atif et comp\u00e9titif. Nous d\u00e9velopperons \u00e9galement des opportunit\u00e9s pour pr\u00e9parer nos para-athl\u00e8tes de haut niveau \u00e0 concourir sur la sc\u00e8ne nationale et internationale.<\/span><\/p>\n<p><span style=\"font-weight: 400;\">PowerHockey Canada cherche toujours \u00e0 \u00e9largir son r\u00e9seau de ligues afin d&#8217;offrir plus de possibilit\u00e9s \u00e0 nos para-athl\u00e8tes d&#8217;un oc\u00e9an \u00e0 l&#8217;autre. Gr\u00e2ce \u00e0 notre solide r\u00e9seau de partenaires strat\u00e9giques, combin\u00e9 \u00e0 plus de 100 ans d&#8217;exp\u00e9rience cumulative de powerhockey et \/ ou de parasport de notre \u00e9quipe de direction, nous sommes dispos\u00e9s et capables d&#8217;aider \u00e0 soutenir tous les aspects du d\u00e9marrage ou de l&#8217;expansion de votre ligue actuelle.<\/span><span style=\"font-weight: 400;\">\u00a0<\/span><\/p>\n<p><span style=\"font-weight: 400;\">Si vous ou votre ligue souhaitez lancer une nouvelle ligue ou une ligue existante faisant partie du r\u00e9seau PowerHockey Canada, veuillez nous contacter \u00e0 <\/span><a href=\"mailto:info@powerhockeycanada.com\"><span style=\"font-weight: 400;\">info@powerhockeycanada.com<\/span><\/a><span style=\"font-weight: 400;\"> d\u00e8s aujourd&#8217;hui.<\/span><\/p>\n<\/div><div class=\"fusion-clearfix\"><\/div><\/div><\/div><\/div><\/div>\n","protected":false},"excerpt":{"rendered":"","protected":false},"author":2,"featured_media":0,"parent":1290,"menu_order":3,"comment_status":"closed","ping_status":"closed","template":"","meta":{"footnotes":""},"class_list":["post-1298","page","type-page","status-publish","hentry"],"yoast_head":"<!-- This site is optimized with the Yoast SEO plugin v25.6 - https:\/\/yoast.com\/wordpress\/plugins\/seo\/ -->\n<title>Adh\u00e9sion - PowerHockey Canada<\/title>\n<meta name=\"robots\" content=\"index, follow, max-snippet:-1, max-image-preview:large, max-video-preview:-1\" \/>\n<link rel=\"canonical\" href=\"https:\/\/powerhockeycanada.com\/fr\/sur\/adhesion\/\" \/>\n<meta property=\"og:locale\" content=\"en_US\" \/>\n<meta property=\"og:type\" content=\"article\" \/>\n<meta property=\"og:title\" content=\"Adh\u00e9sion - PowerHockey Canada\" \/>\n<meta property=\"og:url\" content=\"https:\/\/powerhockeycanada.com\/fr\/sur\/adhesion\/\" \/>\n<meta property=\"og:site_name\" content=\"PowerHockey Canada\" \/>\n<meta property=\"article:modified_time\" content=\"2020-05-10T19:22:34+00:00\" \/>\n<meta name=\"twitter:card\" content=\"summary_large_image\" \/>\n<meta name=\"twitter:label1\" content=\"Est. reading time\" \/>\n\t<meta name=\"twitter:data1\" content=\"3 minutes\" \/>\n<script type=\"application\/ld+json\" class=\"yoast-schema-graph\">{\"@context\":\"https:\/\/schema.org\",\"@graph\":[{\"@type\":\"WebPage\",\"@id\":\"https:\/\/powerhockeycanada.com\/fr\/sur\/adhesion\/\",\"url\":\"https:\/\/powerhockeycanada.com\/fr\/sur\/adhesion\/\",\"name\":\"Adh\u00e9sion - PowerHockey Canada\",\"isPartOf\":{\"@id\":\"https:\/\/powerhockeycanada.com\/fr\/#website\"},\"datePublished\":\"2020-04-30T17:51:23+00:00\",\"dateModified\":\"2020-05-10T19:22:34+00:00\",\"breadcrumb\":{\"@id\":\"https:\/\/powerhockeycanada.com\/fr\/sur\/adhesion\/#breadcrumb\"},\"inLanguage\":\"en\",\"potentialAction\":[{\"@type\":\"ReadAction\",\"target\":[\"https:\/\/powerhockeycanada.com\/fr\/sur\/adhesion\/\"]}]},{\"@type\":\"BreadcrumbList\",\"@id\":\"https:\/\/powerhockeycanada.com\/fr\/sur\/adhesion\/#breadcrumb\",\"itemListElement\":[{\"@type\":\"ListItem\",\"position\":1,\"name\":\"Home\",\"item\":\"https:\/\/powerhockeycanada.com\/fr\/\"},{\"@type\":\"ListItem\",\"position\":2,\"name\":\"Sur\",\"item\":\"https:\/\/powerhockeycanada.com\/fr\/sur\/\"},{\"@type\":\"ListItem\",\"position\":3,\"name\":\"Adh\u00e9sion\"}]},{\"@type\":\"WebSite\",\"@id\":\"https:\/\/powerhockeycanada.com\/fr\/#website\",\"url\":\"https:\/\/powerhockeycanada.com\/fr\/\",\"name\":\"PowerHockey Canada\",\"description\":\"#AlimenterLaNation\",\"potentialAction\":[{\"@type\":\"SearchAction\",\"target\":{\"@type\":\"EntryPoint\",\"urlTemplate\":\"https:\/\/powerhockeycanada.com\/fr\/?s={search_term_string}\"},\"query-input\":{\"@type\":\"PropertyValueSpecification\",\"valueRequired\":true,\"valueName\":\"search_term_string\"}}],\"inLanguage\":\"en\"}]}<\/script>\n<!-- \/ Yoast SEO plugin. -->","yoast_head_json":{"title":"Adh\u00e9sion - PowerHockey Canada","robots":{"index":"index","follow":"follow","max-snippet":"max-snippet:-1","max-image-preview":"max-image-preview:large","max-video-preview":"max-video-preview:-1"},"canonical":"https:\/\/powerhockeycanada.com\/fr\/sur\/adhesion\/","og_locale":"en_US","og_type":"article","og_title":"Adh\u00e9sion - PowerHockey Canada","og_url":"https:\/\/powerhockeycanada.com\/fr\/sur\/adhesion\/","og_site_name":"PowerHockey Canada","article_modified_time":"2020-05-10T19:22:34+00:00","twitter_card":"summary_large_image","twitter_misc":{"Est. reading time":"3 minutes"},"schema":{"@context":"https:\/\/schema.org","@graph":[{"@type":"WebPage","@id":"https:\/\/powerhockeycanada.com\/fr\/sur\/adhesion\/","url":"https:\/\/powerhockeycanada.com\/fr\/sur\/adhesion\/","name":"Adh\u00e9sion - PowerHockey Canada","isPartOf":{"@id":"https:\/\/powerhockeycanada.com\/fr\/#website"},"datePublished":"2020-04-30T17:51:23+00:00","dateModified":"2020-05-10T19:22:34+00:00","breadcrumb":{"@id":"https:\/\/powerhockeycanada.com\/fr\/sur\/adhesion\/#breadcrumb"},"inLanguage":"en","potentialAction":[{"@type":"ReadAction","target":["https:\/\/powerhockeycanada.com\/fr\/sur\/adhesion\/"]}]},{"@type":"BreadcrumbList","@id":"https:\/\/powerhockeycanada.com\/fr\/sur\/adhesion\/#breadcrumb","itemListElement":[{"@type":"ListItem","position":1,"name":"Home","item":"https:\/\/powerhockeycanada.com\/fr\/"},{"@type":"ListItem","position":2,"name":"Sur","item":"https:\/\/powerhockeycanada.com\/fr\/sur\/"},{"@type":"ListItem","position":3,"name":"Adh\u00e9sion"}]},{"@type":"WebSite","@id":"https:\/\/powerhockeycanada.com\/fr\/#website","url":"https:\/\/powerhockeycanada.com\/fr\/","name":"PowerHockey Canada","description":"#AlimenterLaNation","potentialAction":[{"@type":"SearchAction","target":{"@type":"EntryPoint","urlTemplate":"https:\/\/powerhockeycanada.com\/fr\/?s={search_term_string}"},"query-input":{"@type":"PropertyValueSpecification","valueRequired":true,"valueName":"search_term_string"}}],"inLanguage":"en"}]}},"_links":{"self":[{"href":"https:\/\/powerhockeycanada.com\/fr\/wp-json\/wp\/v2\/pages\/1298"}],"collection":[{"href":"https:\/\/powerhockeycanada.com\/fr\/wp-json\/wp\/v2\/pages"}],"about":[{"href":"https:\/\/powerhockeycanada.com\/fr\/wp-json\/wp\/v2\/types\/page"}],"author":[{"embeddable":true,"href":"https:\/\/powerhockeycanada.com\/fr\/wp-json\/wp\/v2\/users\/2"}],"replies":[{"embeddable":true,"href":"https:\/\/powerhockeycanada.com\/fr\/wp-json\/wp\/v2\/comments?post=1298"}],"version-history":[{"count":9,"href":"https:\/\/powerhockeycanada.com\/fr\/wp-json\/wp\/v2\/pages\/1298\/revisions"}],"predecessor-version":[{"id":1503,"href":"https:\/\/powerhockeycanada.com\/fr\/wp-json\/wp\/v2\/pages\/1298\/revisions\/1503"}],"up":[{"embeddable":true,"href":"https:\/\/powerhockeycanada.com\/fr\/wp-json\/wp\/v2\/pages\/1290"}],"wp:attachment":[{"href":"https:\/\/powerhockeycanada.com\/fr\/wp-json\/wp\/v2\/media?parent=1298"}],"curies":[{"name":"wp","href":"https:\/\/api.w.org\/{rel}","templated":true}]}}