{"id":1300,"date":"2020-04-30T17:54:06","date_gmt":"2020-04-30T17:54:06","guid":{"rendered":"http:\/\/powerhockeycanada.com\/fr\/?page_id=1300"},"modified":"2022-09-13T16:20:19","modified_gmt":"2022-09-13T20:20:19","slug":"le-sport","status":"publish","type":"page","link":"https:\/\/powerhockeycanada.com\/fr\/le-sport\/","title":{"rendered":"Le Sport"},"content":{"rendered":"<div class=\"fusion-fullwidth fullwidth-box fusion-builder-row-1 nonhundred-percent-fullwidth non-hundred-percent-height-scrolling\" style=\"background-color: #ffffff;background-position: center center;background-repeat: no-repeat;padding-top:0px;padding-right:0px;padding-bottom:0px;padding-left:0px;margin-bottom: 0px;margin-top: 0px;border-width: 0px 0px 0px 0px;border-color:#3e3e3e;border-style:solid;\" ><div class=\"fusion-builder-row fusion-row\"><div class=\"fusion-layout-column fusion_builder_column fusion-builder-column-0 fusion_builder_column_1_1 1_1 fusion-one-full fusion-column-first fusion-column-last\" style=\"margin-top:0px;margin-bottom:20px;\"><div class=\"fusion-column-wrapper fusion-flex-column-wrapper-legacy\" style=\"background-position:left top;background-repeat:no-repeat;-webkit-background-size:cover;-moz-background-size:cover;-o-background-size:cover;background-size:cover;padding: 0px 0px 0px 0px;\"><style type=\"text\/css\">#accordion-1300-1 .fusion-panel:hover{ border-color: #000000 } #accordion-1300-1 .fusion-panel { border-color:#000000; }.fusion-accordian  #accordion-1300-1 .panel-title a .fa-fusion-box{ color: #000000;}.fusion-accordian  #accordion-1300-1 .panel-title a .fa-fusion-box:before{ font-size: 18px; width: 18px;}.fusion-accordian  #accordion-1300-1 .panel-title a{font-size:30px;color:#d61f26;font-family:\"Barlow Condensed\";font-weight:600;}.fusion-accordian  #accordion-1300-1 .toggle-content{font-size:16px;color:#000000;font-family:\"Karla\";font-weight:400;}.fusion-accordian  #accordion-1300-1 .panel-title a:not(.active):hover, #accordion-1300-1 .fusion-toggle-boxed-mode:hover .panel-title a { color: #d61f26;}.fusion-accordian  #accordion-1300-1 .fusion-toggle-boxed-mode:hover .panel-title a .fa-fusion-box{ color: #d61f26;}.fusion-accordian  #accordion-1300-1.fusion-toggle-icon-unboxed .fusion-panel .panel-title a:not(.active):hover .fa-fusion-box{ color: #d61f26 !important;}<\/style><div class=\"accordian fusion-accordian\"><div class=\"panel-group fusion-toggle-icon-unboxed\" id=\"accordion-1300-1\"><style type=\"text\/css\">.fusion-accordian  #accordion-1300-1 .panel-6253f5067bb0919c1 .panel-title a{}.fusion-accordian  #accordion-1300-1 .panel-6253f5067bb0919c1 .toggle-content{}<\/style><div class=\"fusion-panel panel-default panel-6253f5067bb0919c1 fusion-toggle-no-divider\"><div class=\"panel-heading\"><h4 class=\"panel-title toggle\"><a aria-expanded=\"false\" aria-controls=\"6253f5067bb0919c1\" role=\"button\" data-toggle=\"collapse\" data-target=\"#6253f5067bb0919c1\" href=\"#6253f5067bb0919c1\"><span class=\"fusion-toggle-icon-wrapper\" aria-hidden=\"true\"><i class=\"fa-fusion-box active-icon awb-icon-plus\" aria-hidden=\"true\"><\/i><i class=\"fa-fusion-box inactive-icon awb-icon-minus\" aria-hidden=\"true\"><\/i><\/span><span class=\"fusion-toggle-heading\">Qu'est-ce que le Powerhockey?<\/span><\/a><\/h4><\/div><div id=\"6253f5067bb0919c1\" class=\"panel-collapse collapse \"><div class=\"panel-body toggle-content fusion-clearfix\">\n<div class=\"page\" title=\"Page 4\">\n<div class=\"layoutArea\">\n<div class=\"column\">\n<p><span style=\"font-weight: 400;\">Powerhockey est un parasport pour les personnes handicap\u00e9es physiques qui utilisent un fauteuil roulant \u00e9lectrique. Le sport est inclusif par nature, permettant aux para-athl\u00e8tes de divers handicaps de participer ensemble, quel que soit leur sexe ou leur \u00e2ge. Les para-athl\u00e8tes peuvent concourir au mieux de leurs capacit\u00e9s et exceller dans un environnement sportif comp\u00e9titif. Sur le sol, le sport favorise les amiti\u00e9s et les relations \u00e0 vie qui traversent les fronti\u00e8res, cr\u00e9ant une communaut\u00e9 forte et soud\u00e9e.<\/span><\/p>\n<\/div>\n<\/div>\n<\/div>\n<\/div><\/div><\/div><style type=\"text\/css\">.fusion-accordian  #accordion-1300-1 .panel-5aa75a4ed97fd340e .panel-title a{}.fusion-accordian  #accordion-1300-1 .panel-5aa75a4ed97fd340e .toggle-content{}<\/style><div class=\"fusion-panel panel-default panel-5aa75a4ed97fd340e fusion-toggle-no-divider\"><div class=\"panel-heading\"><h4 class=\"panel-title toggle\"><a aria-expanded=\"false\" aria-controls=\"5aa75a4ed97fd340e\" role=\"button\" data-toggle=\"collapse\" data-target=\"#5aa75a4ed97fd340e\" href=\"#5aa75a4ed97fd340e\"><span class=\"fusion-toggle-icon-wrapper\" aria-hidden=\"true\"><i class=\"fa-fusion-box active-icon awb-icon-plus\" aria-hidden=\"true\"><\/i><i class=\"fa-fusion-box inactive-icon awb-icon-minus\" aria-hidden=\"true\"><\/i><\/span><span class=\"fusion-toggle-heading\">O\u00f9 est le powerhockey dans le monde?<\/span><\/a><\/h4><\/div><div id=\"5aa75a4ed97fd340e\" class=\"panel-collapse collapse \"><div class=\"panel-body toggle-content fusion-clearfix\">\n<div class=\"page\" title=\"Page 4\">\n<div class=\"layoutArea\">\n<div class=\"column\">\n<p><span style=\"font-weight: 400;\">Powerhockey se joue dans de nombreux pays! Le sport est pratiqu\u00e9 au Canada et aux \u00c9tats-Unis ainsi que dans des pays europ\u00e9ens comme les Pays-Bas, le Danemark, l&#8217;Italie, l&#8217;Allemagne, la Finlande, la R\u00e9publique tch\u00e8que, la Belgique, entre autres, et m\u00eame jusqu&#8217;en Australie! Les jeux nord-am\u00e9ricains et europ\u00e9ens diff\u00e8rent quelque peu en ce qui concerne les r\u00e8gles, mais ils sont essentiellement le m\u00eame sport.<\/span><\/p>\n<\/div>\n<\/div>\n<\/div>\n<\/div><\/div><\/div><style type=\"text\/css\">.fusion-accordian  #accordion-1300-1 .panel-58e960c65d76a5bd8 .panel-title a{}.fusion-accordian  #accordion-1300-1 .panel-58e960c65d76a5bd8 .toggle-content{}<\/style><div class=\"fusion-panel panel-default panel-58e960c65d76a5bd8 fusion-toggle-no-divider\"><div class=\"panel-heading\"><h4 class=\"panel-title toggle\"><a aria-expanded=\"false\" aria-controls=\"58e960c65d76a5bd8\" role=\"button\" data-toggle=\"collapse\" data-target=\"#58e960c65d76a5bd8\" href=\"#58e960c65d76a5bd8\"><span class=\"fusion-toggle-icon-wrapper\" aria-hidden=\"true\"><i class=\"fa-fusion-box active-icon awb-icon-plus\" aria-hidden=\"true\"><\/i><i class=\"fa-fusion-box inactive-icon awb-icon-minus\" aria-hidden=\"true\"><\/i><\/span><span class=\"fusion-toggle-heading\">Le powerhockey est-il comp\u00e9titif?<\/span><\/a><\/h4><\/div><div id=\"58e960c65d76a5bd8\" class=\"panel-collapse collapse \"><div class=\"panel-body toggle-content fusion-clearfix\">\n<div class=\"page\" title=\"Page 4\">\n<div class=\"layoutArea\">\n<div class=\"column\">\n<p><span style=\"font-weight: 400;\">Oui. Le sport est pratiqu\u00e9 aux niveaux r\u00e9cr\u00e9atif et comp\u00e9titif et est rapide et bourr\u00e9 d&#8217;action. Ind\u00e9pendamment du handicap, les para-athl\u00e8tes font preuve d&#8217;une immense habilet\u00e9, que ce soit en tant qu&#8217;attaquant, d\u00e9fenseur ou gardien de but, en leur donnant tout leur temps.<\/span><\/p>\n<\/div>\n<\/div>\n<\/div>\n<\/div><\/div><\/div><style type=\"text\/css\">.fusion-accordian  #accordion-1300-1 .panel-fc687c0045a91fd4e .panel-title a{}.fusion-accordian  #accordion-1300-1 .panel-fc687c0045a91fd4e .toggle-content{}<\/style><div class=\"fusion-panel panel-default panel-fc687c0045a91fd4e fusion-toggle-no-divider\"><div class=\"panel-heading\"><h4 class=\"panel-title toggle\"><a aria-expanded=\"false\" aria-controls=\"fc687c0045a91fd4e\" role=\"button\" data-toggle=\"collapse\" data-target=\"#fc687c0045a91fd4e\" href=\"#fc687c0045a91fd4e\"><span class=\"fusion-toggle-icon-wrapper\" aria-hidden=\"true\"><i class=\"fa-fusion-box active-icon awb-icon-plus\" aria-hidden=\"true\"><\/i><i class=\"fa-fusion-box inactive-icon awb-icon-minus\" aria-hidden=\"true\"><\/i><\/span><span class=\"fusion-toggle-heading\">Qui peut jouer au powerhockey?<\/span><\/a><\/h4><\/div><div id=\"fc687c0045a91fd4e\" class=\"panel-collapse collapse \"><div class=\"panel-body toggle-content fusion-clearfix\">\n<p><span style=\"font-weight: 400;\">La chose \u00e9tonnante \u00e0 propos de ce parasport est qu&#8217;il est distinctement inclusif et vraiment toute personne qui utilise un fauteuil roulant \u00e9lectrique peut jouer. Quels que soient votre handicap, votre \u00e2ge ou votre sexe, si vous voulez jouer, vous pouvez! Pour les joueurs qui ont une force de bras limit\u00e9e, un b\u00e2ton est souvent attach\u00e9 au fauteuil roulant \u00e9lectrique. Pour les joueurs attach\u00e9s au b\u00e2ton, beaucoup utilisent un b\u00e2ton en T qui leur permet de contr\u00f4ler et de porter le ballon sur le sol.<\/span><\/p>\n<\/div><\/div><\/div><style type=\"text\/css\">.fusion-accordian  #accordion-1300-1 .panel-7d659e56d255d1042 .panel-title a{}.fusion-accordian  #accordion-1300-1 .panel-7d659e56d255d1042 .toggle-content{}<\/style><div class=\"fusion-panel panel-default panel-7d659e56d255d1042 fusion-toggle-no-divider\"><div class=\"panel-heading\"><h4 class=\"panel-title toggle\"><a aria-expanded=\"false\" aria-controls=\"7d659e56d255d1042\" role=\"button\" data-toggle=\"collapse\" data-target=\"#7d659e56d255d1042\" href=\"#7d659e56d255d1042\"><span class=\"fusion-toggle-icon-wrapper\" aria-hidden=\"true\"><i class=\"fa-fusion-box active-icon awb-icon-plus\" aria-hidden=\"true\"><\/i><i class=\"fa-fusion-box inactive-icon awb-icon-minus\" aria-hidden=\"true\"><\/i><\/span><span class=\"fusion-toggle-heading\">Quel \u00e9quipement est utilis\u00e9 et o\u00f9 se jouent les matchs?<\/span><\/a><\/h4><\/div><div id=\"7d659e56d255d1042\" class=\"panel-collapse collapse \"><div class=\"panel-body toggle-content fusion-clearfix\">\n<p><span style=\"font-weight: 400;\">Pour jouer au powerthockey, les joueurs doivent utiliser un fauteuil roulant \u00e9lectrique. Le plus souvent, un b\u00e2ton de style floorball est utilis\u00e9 par les joueurs qui sont capables de s&#8217;accrocher \u00e0 leur b\u00e2ton car ils sont l\u00e9gers et am\u00e9liorent leurs capacit\u00e9s. Les joueurs qui attachent leur b\u00e2ton \u00e0 leur chaise utilisent souvent un b\u00e2ton de hockey au sol standard. Une balle en plastique l\u00e9g\u00e8re et creuse avec des trous, plus commun\u00e9ment appel\u00e9e balle de floorball, est utilis\u00e9e. Les jeux se jouent g\u00e9n\u00e9ralement sur un terrain en bois dur ou parfois sur un terrain de sport.<\/span><\/p>\n<\/div><\/div><\/div><style type=\"text\/css\">.fusion-accordian  #accordion-1300-1 .panel-fd906ca6d8313b7f7 .panel-title a{}.fusion-accordian  #accordion-1300-1 .panel-fd906ca6d8313b7f7 .toggle-content{}<\/style><div class=\"fusion-panel panel-default panel-fd906ca6d8313b7f7 fusion-toggle-no-divider\"><div class=\"panel-heading\"><h4 class=\"panel-title toggle\"><a aria-expanded=\"false\" aria-controls=\"fd906ca6d8313b7f7\" role=\"button\" data-toggle=\"collapse\" data-target=\"#fd906ca6d8313b7f7\" href=\"#fd906ca6d8313b7f7\"><span class=\"fusion-toggle-icon-wrapper\" aria-hidden=\"true\"><i class=\"fa-fusion-box active-icon awb-icon-plus\" aria-hidden=\"true\"><\/i><i class=\"fa-fusion-box inactive-icon awb-icon-minus\" aria-hidden=\"true\"><\/i><\/span><span class=\"fusion-toggle-heading\">Quelles sont les r\u00e8gles?<\/span><\/a><\/h4><\/div><div id=\"fd906ca6d8313b7f7\" class=\"panel-collapse collapse \"><div class=\"panel-body toggle-content fusion-clearfix\">\n<p><span style=\"font-weight: 400;\">Le r\u00e8glement actuel de PowerHockey Canada stipule que les \u00e9quipes sont compos\u00e9es de douze (12) joueurs maximum avec un total de cinq (5) joueurs \u00e0 la fois, y compris le gardien de but. Les joueurs sont class\u00e9s selon leur niveau de capacit\u00e9s de 1 \u00e0 3. Un joueur de niveau 1 est consid\u00e9r\u00e9 comme le plus qualifi\u00e9 et les \u00e9quipes ne sont autoris\u00e9es \u00e0 avoir qu&#8217;un seul niveau 1 \u00e0 la fois. Un joueur de niveau 3 a moins de capacit\u00e9s physiques et attache souvent son b\u00e2ton \u00e0 son fauteuil roulant. Une \u00e9quipe doit avoir un joueur de niveau 3 sur le terrain en tout temps, sans compter le gardien de but. Il est important de noter que les joueurs class\u00e9s au niveau 3 font partie int\u00e9grante de la chimie et de la strat\u00e9gie d&#8217;une \u00e9quipe d\u00e9fensivement car ils ont des comp\u00e9tences exceptionnelles en positionnement et sont donc des adversaires difficiles \u00e0 affronter.<\/span><\/p>\n<p><span style=\"font-weight: 400;\">Les jeux se composent de trois (3) p\u00e9riodes de 15 minutes chacune. Si le score est \u00e0 \u00e9galit\u00e9 \u00e0 la fin du temps r\u00e9glementaire pendant un match \u00e9liminatoire, il ira en prolongation \u00e0 mort subite. Si le score reste \u00e0 \u00e9galit\u00e9 apr\u00e8s la p\u00e9riode de prolongation, une fusillade aura lieu pour d\u00e9terminer l&#8217;\u00e9quipe gagnante.<\/span><\/p>\n<p><span style=\"font-weight: 400;\">Les r\u00e8gles du powerhockey en Am\u00e9rique du Nord sont similaires \u00e0 celles du hockey sur glace. Il existe de l\u00e9g\u00e8res diff\u00e9rences afin de l&#8217;adapter au powerhockey, comme l&#8217;inclusion de sanctions comme la conduite dangereuse et le pourboire.<\/span><\/p>\n<p><a href=\"https:\/\/powerhockeycanada.com\/fr\/wp-content\/uploads\/2022\/09\/Livre-de-reglement-officiel-de-la-ligue-PowerHockey-Canada-2019.10.17.pdf\" target=\"_blank\" rel=\"noopener\">R\u00e8glement Officiel du Tournoi<\/a><\/p>\n<\/div><\/div><\/div><\/div><\/div><div class=\"fusion-clearfix\"><\/div><\/div><\/div><\/div><\/div>\n","protected":false},"excerpt":{"rendered":"","protected":false},"author":2,"featured_media":0,"parent":0,"menu_order":2,"comment_status":"closed","ping_status":"closed","template":"","meta":{"footnotes":""},"class_list":["post-1300","page","type-page","status-publish","hentry"],"yoast_head":"<!-- This site is optimized with the Yoast SEO plugin v25.6 - https:\/\/yoast.com\/wordpress\/plugins\/seo\/ -->\n<title>Le Sport - PowerHockey Canada<\/title>\n<meta name=\"robots\" content=\"index, follow, max-snippet:-1, max-image-preview:large, max-video-preview:-1\" \/>\n<link rel=\"canonical\" href=\"https:\/\/powerhockeycanada.com\/fr\/le-sport\/\" \/>\n<meta property=\"og:locale\" content=\"en_US\" \/>\n<meta property=\"og:type\" content=\"article\" \/>\n<meta property=\"og:title\" content=\"Le Sport - PowerHockey Canada\" \/>\n<meta property=\"og:url\" content=\"https:\/\/powerhockeycanada.com\/fr\/le-sport\/\" \/>\n<meta property=\"og:site_name\" content=\"PowerHockey Canada\" \/>\n<meta property=\"article:modified_time\" content=\"2022-09-13T20:20:19+00:00\" \/>\n<meta name=\"twitter:card\" content=\"summary_large_image\" \/>\n<meta name=\"twitter:label1\" content=\"Est. reading time\" \/>\n\t<meta name=\"twitter:data1\" content=\"6 minutes\" \/>\n<script type=\"application\/ld+json\" class=\"yoast-schema-graph\">{\"@context\":\"https:\/\/schema.org\",\"@graph\":[{\"@type\":\"WebPage\",\"@id\":\"https:\/\/powerhockeycanada.com\/fr\/le-sport\/\",\"url\":\"https:\/\/powerhockeycanada.com\/fr\/le-sport\/\",\"name\":\"Le Sport - PowerHockey Canada\",\"isPartOf\":{\"@id\":\"https:\/\/powerhockeycanada.com\/fr\/#website\"},\"datePublished\":\"2020-04-30T17:54:06+00:00\",\"dateModified\":\"2022-09-13T20:20:19+00:00\",\"breadcrumb\":{\"@id\":\"https:\/\/powerhockeycanada.com\/fr\/le-sport\/#breadcrumb\"},\"inLanguage\":\"en\",\"potentialAction\":[{\"@type\":\"ReadAction\",\"target\":[\"https:\/\/powerhockeycanada.com\/fr\/le-sport\/\"]}]},{\"@type\":\"BreadcrumbList\",\"@id\":\"https:\/\/powerhockeycanada.com\/fr\/le-sport\/#breadcrumb\",\"itemListElement\":[{\"@type\":\"ListItem\",\"position\":1,\"name\":\"Home\",\"item\":\"https:\/\/powerhockeycanada.com\/fr\/\"},{\"@type\":\"ListItem\",\"position\":2,\"name\":\"Le Sport\"}]},{\"@type\":\"WebSite\",\"@id\":\"https:\/\/powerhockeycanada.com\/fr\/#website\",\"url\":\"https:\/\/powerhockeycanada.com\/fr\/\",\"name\":\"PowerHockey Canada\",\"description\":\"#AlimenterLaNation\",\"potentialAction\":[{\"@type\":\"SearchAction\",\"target\":{\"@type\":\"EntryPoint\",\"urlTemplate\":\"https:\/\/powerhockeycanada.com\/fr\/?s={search_term_string}\"},\"query-input\":{\"@type\":\"PropertyValueSpecification\",\"valueRequired\":true,\"valueName\":\"search_term_string\"}}],\"inLanguage\":\"en\"}]}<\/script>\n<!-- \/ Yoast SEO plugin. -->","yoast_head_json":{"title":"Le Sport - PowerHockey Canada","robots":{"index":"index","follow":"follow","max-snippet":"max-snippet:-1","max-image-preview":"max-image-preview:large","max-video-preview":"max-video-preview:-1"},"canonical":"https:\/\/powerhockeycanada.com\/fr\/le-sport\/","og_locale":"en_US","og_type":"article","og_title":"Le Sport - PowerHockey Canada","og_url":"https:\/\/powerhockeycanada.com\/fr\/le-sport\/","og_site_name":"PowerHockey Canada","article_modified_time":"2022-09-13T20:20:19+00:00","twitter_card":"summary_large_image","twitter_misc":{"Est. reading time":"6 minutes"},"schema":{"@context":"https:\/\/schema.org","@graph":[{"@type":"WebPage","@id":"https:\/\/powerhockeycanada.com\/fr\/le-sport\/","url":"https:\/\/powerhockeycanada.com\/fr\/le-sport\/","name":"Le Sport - PowerHockey Canada","isPartOf":{"@id":"https:\/\/powerhockeycanada.com\/fr\/#website"},"datePublished":"2020-04-30T17:54:06+00:00","dateModified":"2022-09-13T20:20:19+00:00","breadcrumb":{"@id":"https:\/\/powerhockeycanada.com\/fr\/le-sport\/#breadcrumb"},"inLanguage":"en","potentialAction":[{"@type":"ReadAction","target":["https:\/\/powerhockeycanada.com\/fr\/le-sport\/"]}]},{"@type":"BreadcrumbList","@id":"https:\/\/powerhockeycanada.com\/fr\/le-sport\/#breadcrumb","itemListElement":[{"@type":"ListItem","position":1,"name":"Home","item":"https:\/\/powerhockeycanada.com\/fr\/"},{"@type":"ListItem","position":2,"name":"Le Sport"}]},{"@type":"WebSite","@id":"https:\/\/powerhockeycanada.com\/fr\/#website","url":"https:\/\/powerhockeycanada.com\/fr\/","name":"PowerHockey Canada","description":"#AlimenterLaNation","potentialAction":[{"@type":"SearchAction","target":{"@type":"EntryPoint","urlTemplate":"https:\/\/powerhockeycanada.com\/fr\/?s={search_term_string}"},"query-input":{"@type":"PropertyValueSpecification","valueRequired":true,"valueName":"search_term_string"}}],"inLanguage":"en"}]}},"_links":{"self":[{"href":"https:\/\/powerhockeycanada.com\/fr\/wp-json\/wp\/v2\/pages\/1300"}],"collection":[{"href":"https:\/\/powerhockeycanada.com\/fr\/wp-json\/wp\/v2\/pages"}],"about":[{"href":"https:\/\/powerhockeycanada.com\/fr\/wp-json\/wp\/v2\/types\/page"}],"author":[{"embeddable":true,"href":"https:\/\/powerhockeycanada.com\/fr\/wp-json\/wp\/v2\/users\/2"}],"replies":[{"embeddable":true,"href":"https:\/\/powerhockeycanada.com\/fr\/wp-json\/wp\/v2\/comments?post=1300"}],"version-history":[{"count":9,"href":"https:\/\/powerhockeycanada.com\/fr\/wp-json\/wp\/v2\/pages\/1300\/revisions"}],"predecessor-version":[{"id":1626,"href":"https:\/\/powerhockeycanada.com\/fr\/wp-json\/wp\/v2\/pages\/1300\/revisions\/1626"}],"wp:attachment":[{"href":"https:\/\/powerhockeycanada.com\/fr\/wp-json\/wp\/v2\/media?parent=1300"}],"curies":[{"name":"wp","href":"https:\/\/api.w.org\/{rel}","templated":true}]}}