{"id":1303,"date":"2020-04-30T18:03:48","date_gmt":"2020-04-30T18:03:48","guid":{"rendered":"http:\/\/powerhockeycanada.com\/fr\/?page_id=1303"},"modified":"2020-05-10T23:30:09","modified_gmt":"2020-05-11T03:30:09","slug":"equipe-canada","status":"publish","type":"page","link":"https:\/\/powerhockeycanada.com\/fr\/equipe-canada\/","title":{"rendered":"\u00c9quipe Canada"},"content":{"rendered":"<div class=\"fusion-fullwidth fullwidth-box fusion-builder-row-1 nonhundred-percent-fullwidth non-hundred-percent-height-scrolling\" style=\"background-color: #ffffff;background-position: center center;background-repeat: no-repeat;padding-top:0px;padding-right:0px;padding-bottom:0px;padding-left:0px;margin-bottom: 0px;margin-top: 0px;border-width: 0px 0px 0px 0px;border-color:#3e3e3e;border-style:solid;\" ><div class=\"fusion-builder-row fusion-row\"><div class=\"fusion-layout-column fusion_builder_column fusion-builder-column-0 fusion_builder_column_1_1 1_1 fusion-one-full fusion-column-first fusion-column-last\" style=\"margin-top:0px;margin-bottom:20px;\"><div class=\"fusion-column-wrapper fusion-flex-column-wrapper-legacy\" style=\"background-position:left top;background-repeat:no-repeat;-webkit-background-size:cover;-moz-background-size:cover;-o-background-size:cover;background-size:cover;padding: 0px 0px 0px 0px;\"><div class=\"fusion-text fusion-text-1\"><p><span style=\"font-weight: 400;\">PowerHockey Canada est engag\u00e9 dans le d\u00e9veloppement \u00e0 long terme du powerhockey \u00e0 tous les niveaux de jeu, jusqu&#8217;\u00e0 et y compris \u00e0 haute performance. L\u2019excellence internationale est l\u2019un des principaux objectifs de PowerHockey Canada et le fait d\u2019avoir des entra\u00eeneurs et des athl\u00e8tes d&#8217;\u00e9lite form\u00e9s \u00e0 cet effet est essentiel \u00e0 ce succ\u00e8s. La mise en place d&#8217;un programme de formation performant favorise ce d\u00e9veloppement personnel et a un effet d\u00e9riv\u00e9 dans la mesure o\u00f9 ces personnes sont capables de mettre en \u0153uvre les connaissances et comp\u00e9tences acquises avec leurs ligues respectives. B\u00e2tir une base solide pour le d\u00e9veloppement des habilet\u00e9s m\u00e8nera \u00e0 un jeu de meilleure qualit\u00e9 et \u00e0 une meilleure exp\u00e9rience pour les para-athl\u00e8tes canadiens \u00e0 travers le pays. Le programme est fond\u00e9 sur une multitude de valeurs fondamentales:<\/span><\/p>\n<\/div><div class=\"fusion-text fusion-text-2\"><p><span style=\"color: #d61f26;\"><strong>Excellence <span style=\"color: #000000;\">|<\/span> Travail d&#8217;\u00e9quipe\u00a0<span style=\"color: #000000;\">|<\/span> D\u00e9dicace<span style=\"color: #000000;\">|<\/span> Chimie <span style=\"color: #000000;\">|<\/span> La Passion <span style=\"color: #000000;\">|<\/span> Fiert\u00e9<\/strong><\/span><\/p>\n<\/div><div class=\"fusion-text fusion-text-3\"><p><span style=\"font-weight: 400;\">La route vers les r\u00eaves internationaux et paralympiques commence ici pour ces para-athl\u00e8tes et entra\u00eeneurs. Afin de faciliter ce programme, il est dirig\u00e9 par les personnes suivantes:<\/span><\/p>\n<p><span style=\"font-weight: 400;\">Directeur de la haute performance &#8211; Paul Desaulniers<br \/>\n<\/span><span style=\"font-weight: 400;\">Gestionnaire des op\u00e9rations g\u00e9n\u00e9rales &#8211; Meghan Hines<br \/>\n<\/span><span style=\"font-weight: 400;\">Entra\u00eeneur-chef &#8211; Seamus Britton<br \/>\n<\/span><span style=\"font-weight: 400;\">Gestionnaire du d\u00e9veloppement strat\u00e9gique &#8211; Alex McLean<br \/>\n<\/span><span style=\"font-weight: 400;\">Directeur des op\u00e9rations techniques &#8211; Frank Belme<br \/>\n<\/span><span style=\"font-weight: 400;\">Personnel d&#8217;entra\u00eenement suppl\u00e9mentaire &#8211; Frank Belme, Emmett Britton et Rustam Itekov<\/span><\/p>\n<p><span style=\"font-weight: 400;\">Les membres actuels d&#8217;\u00c9quipe Canada repr\u00e9sentant PowerHockey Canada sont:<\/span><\/p>\n<\/div><div class=\"fusion-builder-row fusion-builder-row-inner fusion-row\"><div class=\"fusion-layout-column fusion_builder_column_inner fusion-builder-nested-column-0 fusion_builder_column_inner_1_6 1_6 fusion-one-sixth fusion-column-first\" style=\"width:16.666666666667%;width:calc(16.666666666667% - ( ( 4% ) * 0.16666666666667 ) );margin-right: 4%;margin-top:0px;margin-bottom:20px;\"><div class=\"fusion-column-wrapper fusion-flex-column-wrapper-legacy\" style=\"background-position:left top;background-repeat:no-repeat;-webkit-background-size:cover;-moz-background-size:cover;-o-background-size:cover;background-size:cover;padding: 0px 0px 0px 0px;\"><div class=\"fusion-text fusion-text-4\"><p>Kirk Ashman<br \/>\nRyan Belme<br \/>\nRachel Dean<br \/>\nDan Di Poce<br \/>\nHaris Farid<br \/>\nScott Haycock<br \/>\nMeghan Hines<\/p>\n<\/div><div class=\"fusion-clearfix\"><\/div><\/div><\/div><div class=\"fusion-layout-column fusion_builder_column_inner fusion-builder-nested-column-1 fusion_builder_column_inner_1_6 1_6 fusion-one-sixth fusion-column-last\" style=\"width:16.666666666667%;width:calc(16.666666666667% - ( ( 4% ) * 0.16666666666667 ) );margin-top:0px;margin-bottom:20px;\"><div class=\"fusion-column-wrapper fusion-flex-column-wrapper-legacy\" style=\"background-position:left top;background-repeat:no-repeat;-webkit-background-size:cover;-moz-background-size:cover;-o-background-size:cover;background-size:cover;padding: 0px 0px 0px 0px;\"><div class=\"fusion-text fusion-text-5\"><p>Kevin Humphrey<br \/>\nRob Lagac\u00e9<br \/>\nThalia McBride<br \/>\nAlex McLean<br \/>\nNasib Ogho<br \/>\nRamin Raunak<br \/>\nJohnson Wilson<\/p>\n<\/div><div class=\"fusion-clearfix\"><\/div><\/div><\/div><\/div><img decoding=\"async\" data-src=\"http:\/\/powerhockeycanada.com\/fr\/wp-content\/uploads\/2020\/05\/NasibCanadavsAustralia1.jpg\" src=\"data:image\/svg+xml;base64,PHN2ZyB3aWR0aD0iMSIgaGVpZ2h0PSIxIiB4bWxucz0iaHR0cDovL3d3dy53My5vcmcvMjAwMC9zdmciPjwvc3ZnPg==\" class=\"lazyload\"><\/img><div class=\"fusion-clearfix\"><\/div><\/div><\/div><\/div><\/div>\n","protected":false},"excerpt":{"rendered":"","protected":false},"author":2,"featured_media":0,"parent":0,"menu_order":3,"comment_status":"closed","ping_status":"closed","template":"","meta":{"footnotes":""},"class_list":["post-1303","page","type-page","status-publish","hentry"],"yoast_head":"<!-- This site is optimized with the Yoast SEO plugin v25.6 - https:\/\/yoast.com\/wordpress\/plugins\/seo\/ -->\n<title>\u00c9quipe Canada - PowerHockey Canada<\/title>\n<meta name=\"robots\" content=\"index, follow, max-snippet:-1, max-image-preview:large, max-video-preview:-1\" \/>\n<link rel=\"canonical\" href=\"https:\/\/powerhockeycanada.com\/fr\/equipe-canada\/\" \/>\n<meta property=\"og:locale\" content=\"en_US\" \/>\n<meta property=\"og:type\" content=\"article\" \/>\n<meta property=\"og:title\" content=\"\u00c9quipe Canada - PowerHockey Canada\" \/>\n<meta property=\"og:url\" content=\"https:\/\/powerhockeycanada.com\/fr\/equipe-canada\/\" \/>\n<meta property=\"og:site_name\" content=\"PowerHockey Canada\" \/>\n<meta property=\"article:modified_time\" content=\"2020-05-11T03:30:09+00:00\" \/>\n<meta name=\"twitter:card\" content=\"summary_large_image\" \/>\n<meta name=\"twitter:label1\" content=\"Est. reading time\" \/>\n\t<meta name=\"twitter:data1\" content=\"6 minutes\" \/>\n<script type=\"application\/ld+json\" class=\"yoast-schema-graph\">{\"@context\":\"https:\/\/schema.org\",\"@graph\":[{\"@type\":\"WebPage\",\"@id\":\"https:\/\/powerhockeycanada.com\/fr\/equipe-canada\/\",\"url\":\"https:\/\/powerhockeycanada.com\/fr\/equipe-canada\/\",\"name\":\"\u00c9quipe Canada - PowerHockey Canada\",\"isPartOf\":{\"@id\":\"https:\/\/powerhockeycanada.com\/fr\/#website\"},\"datePublished\":\"2020-04-30T18:03:48+00:00\",\"dateModified\":\"2020-05-11T03:30:09+00:00\",\"breadcrumb\":{\"@id\":\"https:\/\/powerhockeycanada.com\/fr\/equipe-canada\/#breadcrumb\"},\"inLanguage\":\"en\",\"potentialAction\":[{\"@type\":\"ReadAction\",\"target\":[\"https:\/\/powerhockeycanada.com\/fr\/equipe-canada\/\"]}]},{\"@type\":\"BreadcrumbList\",\"@id\":\"https:\/\/powerhockeycanada.com\/fr\/equipe-canada\/#breadcrumb\",\"itemListElement\":[{\"@type\":\"ListItem\",\"position\":1,\"name\":\"Home\",\"item\":\"https:\/\/powerhockeycanada.com\/fr\/\"},{\"@type\":\"ListItem\",\"position\":2,\"name\":\"\u00c9quipe Canada\"}]},{\"@type\":\"WebSite\",\"@id\":\"https:\/\/powerhockeycanada.com\/fr\/#website\",\"url\":\"https:\/\/powerhockeycanada.com\/fr\/\",\"name\":\"PowerHockey Canada\",\"description\":\"#AlimenterLaNation\",\"potentialAction\":[{\"@type\":\"SearchAction\",\"target\":{\"@type\":\"EntryPoint\",\"urlTemplate\":\"https:\/\/powerhockeycanada.com\/fr\/?s={search_term_string}\"},\"query-input\":{\"@type\":\"PropertyValueSpecification\",\"valueRequired\":true,\"valueName\":\"search_term_string\"}}],\"inLanguage\":\"en\"}]}<\/script>\n<!-- \/ Yoast SEO plugin. -->","yoast_head_json":{"title":"\u00c9quipe Canada - PowerHockey Canada","robots":{"index":"index","follow":"follow","max-snippet":"max-snippet:-1","max-image-preview":"max-image-preview:large","max-video-preview":"max-video-preview:-1"},"canonical":"https:\/\/powerhockeycanada.com\/fr\/equipe-canada\/","og_locale":"en_US","og_type":"article","og_title":"\u00c9quipe Canada - PowerHockey Canada","og_url":"https:\/\/powerhockeycanada.com\/fr\/equipe-canada\/","og_site_name":"PowerHockey Canada","article_modified_time":"2020-05-11T03:30:09+00:00","twitter_card":"summary_large_image","twitter_misc":{"Est. reading time":"6 minutes"},"schema":{"@context":"https:\/\/schema.org","@graph":[{"@type":"WebPage","@id":"https:\/\/powerhockeycanada.com\/fr\/equipe-canada\/","url":"https:\/\/powerhockeycanada.com\/fr\/equipe-canada\/","name":"\u00c9quipe Canada - PowerHockey Canada","isPartOf":{"@id":"https:\/\/powerhockeycanada.com\/fr\/#website"},"datePublished":"2020-04-30T18:03:48+00:00","dateModified":"2020-05-11T03:30:09+00:00","breadcrumb":{"@id":"https:\/\/powerhockeycanada.com\/fr\/equipe-canada\/#breadcrumb"},"inLanguage":"en","potentialAction":[{"@type":"ReadAction","target":["https:\/\/powerhockeycanada.com\/fr\/equipe-canada\/"]}]},{"@type":"BreadcrumbList","@id":"https:\/\/powerhockeycanada.com\/fr\/equipe-canada\/#breadcrumb","itemListElement":[{"@type":"ListItem","position":1,"name":"Home","item":"https:\/\/powerhockeycanada.com\/fr\/"},{"@type":"ListItem","position":2,"name":"\u00c9quipe Canada"}]},{"@type":"WebSite","@id":"https:\/\/powerhockeycanada.com\/fr\/#website","url":"https:\/\/powerhockeycanada.com\/fr\/","name":"PowerHockey Canada","description":"#AlimenterLaNation","potentialAction":[{"@type":"SearchAction","target":{"@type":"EntryPoint","urlTemplate":"https:\/\/powerhockeycanada.com\/fr\/?s={search_term_string}"},"query-input":{"@type":"PropertyValueSpecification","valueRequired":true,"valueName":"search_term_string"}}],"inLanguage":"en"}]}},"_links":{"self":[{"href":"https:\/\/powerhockeycanada.com\/fr\/wp-json\/wp\/v2\/pages\/1303"}],"collection":[{"href":"https:\/\/powerhockeycanada.com\/fr\/wp-json\/wp\/v2\/pages"}],"about":[{"href":"https:\/\/powerhockeycanada.com\/fr\/wp-json\/wp\/v2\/types\/page"}],"author":[{"embeddable":true,"href":"https:\/\/powerhockeycanada.com\/fr\/wp-json\/wp\/v2\/users\/2"}],"replies":[{"embeddable":true,"href":"https:\/\/powerhockeycanada.com\/fr\/wp-json\/wp\/v2\/comments?post=1303"}],"version-history":[{"count":13,"href":"https:\/\/powerhockeycanada.com\/fr\/wp-json\/wp\/v2\/pages\/1303\/revisions"}],"predecessor-version":[{"id":1556,"href":"https:\/\/powerhockeycanada.com\/fr\/wp-json\/wp\/v2\/pages\/1303\/revisions\/1556"}],"wp:attachment":[{"href":"https:\/\/powerhockeycanada.com\/fr\/wp-json\/wp\/v2\/media?parent=1303"}],"curies":[{"name":"wp","href":"https:\/\/api.w.org\/{rel}","templated":true}]}}