{"id":1307,"date":"2020-04-30T18:06:30","date_gmt":"2020-04-30T18:06:30","guid":{"rendered":"http:\/\/powerhockeycanada.com\/fr\/?page_id=1307"},"modified":"2020-05-10T20:21:55","modified_gmt":"2020-05-11T00:21:55","slug":"coupe-powerhockey-canada","status":"publish","type":"page","link":"https:\/\/powerhockeycanada.com\/fr\/evenements\/coupe-powerhockey-canada\/","title":{"rendered":"Coupe PowerHockey Canada"},"content":{"rendered":"<p><div class=\"fusion-fullwidth fullwidth-box fusion-builder-row-1 nonhundred-percent-fullwidth non-hundred-percent-height-scrolling\" style=\"background-color: #ffffff;background-position: center center;background-repeat: no-repeat;padding-top:0px;padding-right:0px;padding-bottom:0px;padding-left:0px;margin-bottom: 0px;margin-top: 0px;border-width: 0px 0px 0px 0px;border-color:#3e3e3e;border-style:solid;\" ><div class=\"fusion-builder-row fusion-row\"><div class=\"fusion-layout-column fusion_builder_column fusion-builder-column-0 fusion_builder_column_1_1 1_1 fusion-one-full fusion-column-first fusion-column-last\" style=\"margin-top:0px;margin-bottom:20px;\"><div class=\"fusion-column-wrapper fusion-flex-column-wrapper-legacy\" style=\"background-position:left top;background-repeat:no-repeat;-webkit-background-size:cover;-moz-background-size:cover;-o-background-size:cover;background-size:cover;padding: 0px 0px 0px 0px;\"><div class=\"fusion-text fusion-text-1\"><p><span style=\"font-weight: 400;\">La Coupe biennale PowerHockey Canada est le tournoi national phare de PowerHockey Canada. Cet \u00e9v\u00e9nement bourr\u00e9 d&#8217;action a eu lieu pour la premi\u00e8re fois en 2019 \u00e0 Toronto au Humber College. Le tournoi a r\u00e9uni un total de cinq \u00e9quipes de partout en Am\u00e9rique du Nord pour quatre jours de comp\u00e9tition. Les \u00e9quipes se sont affront\u00e9es dans un tournoi \u00e0 la ronde, culminant avec les s\u00e9ries \u00e9liminatoires et un match de championnat de m\u00e9daille d&#8217;or passionnant. Les <\/span>Toronto Toros ont \u00e9t\u00e9 l\u00e9g\u00e8rement devanc\u00e9s par les Philadelphia Flyers PowerPlay qui ont remport\u00e9 la Coupe inaugurale.<\/p>\n<p><span style=\"font-weight: 400;\">Fort du succ\u00e8s de 2019, le prochain volet de la Coupe PowerHockey Canada devrait avoir lieu \u00e0 l&#8217;\u00e9t\u00e9 2021.<\/span><\/p>\n<\/div><div class=\"fusion-clearfix\"><\/div><\/div><\/div><\/div><\/div><div class=\"fusion-fullwidth fullwidth-box fusion-builder-row-2 nonhundred-percent-fullwidth non-hundred-percent-height-scrolling\" style=\"background-color: #ffffff;background-position: center center;background-repeat: no-repeat;padding-top:0px;padding-right:0px;padding-bottom:0px;padding-left:0px;margin-bottom: 0px;margin-top: 0px;border-width: 0px 0px 0px 0px;border-color:#3e3e3e;border-style:solid;\" ><div class=\"fusion-builder-row fusion-row\"><div class=\"fusion-layout-column fusion_builder_column fusion-builder-column-1 fusion_builder_column_1_1 1_1 fusion-one-full fusion-column-first fusion-column-last\" style=\"margin-top:0px;margin-bottom:20px;\"><div class=\"fusion-column-wrapper fusion-flex-column-wrapper-legacy\" style=\"background-position:left top;background-repeat:no-repeat;-webkit-background-size:cover;-moz-background-size:cover;-o-background-size:cover;background-size:cover;padding: 0px 0px 0px 0px;\"><div class=\"fusion-video fusion-youtube fusion-aligncenter\" style=\"max-width:600px;max-height:360px; width:100%\"><div class=\"video-shortcode\"><iframe title=\"YouTube video player 1\" data-src=\"https:\/\/www.youtube.com\/embed\/S5YtkpxzBr0?wmode=transparent&autoplay=0\" width=\"600\" height=\"360\" allowfullscreen allow=\"autoplay; fullscreen\" src=\"data:image\/svg+xml;base64,PHN2ZyB3aWR0aD0iMSIgaGVpZ2h0PSIxIiB4bWxucz0iaHR0cDovL3d3dy53My5vcmcvMjAwMC9zdmciPjwvc3ZnPg==\" class=\"lazyload\" data-load-mode=\"1\"><\/iframe><\/div><\/div><div class=\"fusion-clearfix\"><\/div><\/div><\/div><\/div><\/div><\/p>\n","protected":false},"excerpt":{"rendered":"","protected":false},"author":2,"featured_media":0,"parent":1305,"menu_order":0,"comment_status":"closed","ping_status":"closed","template":"","meta":{"footnotes":""},"class_list":["post-1307","page","type-page","status-publish","hentry"],"yoast_head":"<!-- This site is optimized with the Yoast SEO plugin v25.6 - https:\/\/yoast.com\/wordpress\/plugins\/seo\/ -->\n<title>Coupe PowerHockey Canada - PowerHockey Canada<\/title>\n<meta name=\"robots\" content=\"index, follow, max-snippet:-1, max-image-preview:large, max-video-preview:-1\" \/>\n<link rel=\"canonical\" href=\"https:\/\/powerhockeycanada.com\/fr\/evenements\/coupe-powerhockey-canada\/\" \/>\n<meta property=\"og:locale\" content=\"en_US\" \/>\n<meta property=\"og:type\" content=\"article\" \/>\n<meta property=\"og:title\" content=\"Coupe PowerHockey Canada - PowerHockey Canada\" \/>\n<meta property=\"og:url\" content=\"https:\/\/powerhockeycanada.com\/fr\/evenements\/coupe-powerhockey-canada\/\" \/>\n<meta property=\"og:site_name\" content=\"PowerHockey Canada\" \/>\n<meta property=\"article:modified_time\" content=\"2020-05-11T00:21:55+00:00\" \/>\n<meta name=\"twitter:card\" content=\"summary_large_image\" \/>\n<meta name=\"twitter:label1\" content=\"Est. reading time\" \/>\n\t<meta name=\"twitter:data1\" content=\"4 minutes\" \/>\n<script type=\"application\/ld+json\" class=\"yoast-schema-graph\">{\"@context\":\"https:\/\/schema.org\",\"@graph\":[{\"@type\":\"WebPage\",\"@id\":\"https:\/\/powerhockeycanada.com\/fr\/evenements\/coupe-powerhockey-canada\/\",\"url\":\"https:\/\/powerhockeycanada.com\/fr\/evenements\/coupe-powerhockey-canada\/\",\"name\":\"Coupe PowerHockey Canada - PowerHockey Canada\",\"isPartOf\":{\"@id\":\"https:\/\/powerhockeycanada.com\/fr\/#website\"},\"datePublished\":\"2020-04-30T18:06:30+00:00\",\"dateModified\":\"2020-05-11T00:21:55+00:00\",\"breadcrumb\":{\"@id\":\"https:\/\/powerhockeycanada.com\/fr\/evenements\/coupe-powerhockey-canada\/#breadcrumb\"},\"inLanguage\":\"en\",\"potentialAction\":[{\"@type\":\"ReadAction\",\"target\":[\"https:\/\/powerhockeycanada.com\/fr\/evenements\/coupe-powerhockey-canada\/\"]}]},{\"@type\":\"BreadcrumbList\",\"@id\":\"https:\/\/powerhockeycanada.com\/fr\/evenements\/coupe-powerhockey-canada\/#breadcrumb\",\"itemListElement\":[{\"@type\":\"ListItem\",\"position\":1,\"name\":\"Home\",\"item\":\"https:\/\/powerhockeycanada.com\/fr\/\"},{\"@type\":\"ListItem\",\"position\":2,\"name\":\"\u00c9v\u00e9nements\",\"item\":\"https:\/\/powerhockeycanada.com\/fr\/evenements\/\"},{\"@type\":\"ListItem\",\"position\":3,\"name\":\"Coupe PowerHockey Canada\"}]},{\"@type\":\"WebSite\",\"@id\":\"https:\/\/powerhockeycanada.com\/fr\/#website\",\"url\":\"https:\/\/powerhockeycanada.com\/fr\/\",\"name\":\"PowerHockey Canada\",\"description\":\"#AlimenterLaNation\",\"potentialAction\":[{\"@type\":\"SearchAction\",\"target\":{\"@type\":\"EntryPoint\",\"urlTemplate\":\"https:\/\/powerhockeycanada.com\/fr\/?s={search_term_string}\"},\"query-input\":{\"@type\":\"PropertyValueSpecification\",\"valueRequired\":true,\"valueName\":\"search_term_string\"}}],\"inLanguage\":\"en\"}]}<\/script>\n<!-- \/ Yoast SEO plugin. -->","yoast_head_json":{"title":"Coupe PowerHockey Canada - PowerHockey Canada","robots":{"index":"index","follow":"follow","max-snippet":"max-snippet:-1","max-image-preview":"max-image-preview:large","max-video-preview":"max-video-preview:-1"},"canonical":"https:\/\/powerhockeycanada.com\/fr\/evenements\/coupe-powerhockey-canada\/","og_locale":"en_US","og_type":"article","og_title":"Coupe PowerHockey Canada - PowerHockey Canada","og_url":"https:\/\/powerhockeycanada.com\/fr\/evenements\/coupe-powerhockey-canada\/","og_site_name":"PowerHockey Canada","article_modified_time":"2020-05-11T00:21:55+00:00","twitter_card":"summary_large_image","twitter_misc":{"Est. reading time":"4 minutes"},"schema":{"@context":"https:\/\/schema.org","@graph":[{"@type":"WebPage","@id":"https:\/\/powerhockeycanada.com\/fr\/evenements\/coupe-powerhockey-canada\/","url":"https:\/\/powerhockeycanada.com\/fr\/evenements\/coupe-powerhockey-canada\/","name":"Coupe PowerHockey Canada - PowerHockey Canada","isPartOf":{"@id":"https:\/\/powerhockeycanada.com\/fr\/#website"},"datePublished":"2020-04-30T18:06:30+00:00","dateModified":"2020-05-11T00:21:55+00:00","breadcrumb":{"@id":"https:\/\/powerhockeycanada.com\/fr\/evenements\/coupe-powerhockey-canada\/#breadcrumb"},"inLanguage":"en","potentialAction":[{"@type":"ReadAction","target":["https:\/\/powerhockeycanada.com\/fr\/evenements\/coupe-powerhockey-canada\/"]}]},{"@type":"BreadcrumbList","@id":"https:\/\/powerhockeycanada.com\/fr\/evenements\/coupe-powerhockey-canada\/#breadcrumb","itemListElement":[{"@type":"ListItem","position":1,"name":"Home","item":"https:\/\/powerhockeycanada.com\/fr\/"},{"@type":"ListItem","position":2,"name":"\u00c9v\u00e9nements","item":"https:\/\/powerhockeycanada.com\/fr\/evenements\/"},{"@type":"ListItem","position":3,"name":"Coupe PowerHockey Canada"}]},{"@type":"WebSite","@id":"https:\/\/powerhockeycanada.com\/fr\/#website","url":"https:\/\/powerhockeycanada.com\/fr\/","name":"PowerHockey Canada","description":"#AlimenterLaNation","potentialAction":[{"@type":"SearchAction","target":{"@type":"EntryPoint","urlTemplate":"https:\/\/powerhockeycanada.com\/fr\/?s={search_term_string}"},"query-input":{"@type":"PropertyValueSpecification","valueRequired":true,"valueName":"search_term_string"}}],"inLanguage":"en"}]}},"_links":{"self":[{"href":"https:\/\/powerhockeycanada.com\/fr\/wp-json\/wp\/v2\/pages\/1307"}],"collection":[{"href":"https:\/\/powerhockeycanada.com\/fr\/wp-json\/wp\/v2\/pages"}],"about":[{"href":"https:\/\/powerhockeycanada.com\/fr\/wp-json\/wp\/v2\/types\/page"}],"author":[{"embeddable":true,"href":"https:\/\/powerhockeycanada.com\/fr\/wp-json\/wp\/v2\/users\/2"}],"replies":[{"embeddable":true,"href":"https:\/\/powerhockeycanada.com\/fr\/wp-json\/wp\/v2\/comments?post=1307"}],"version-history":[{"count":5,"href":"https:\/\/powerhockeycanada.com\/fr\/wp-json\/wp\/v2\/pages\/1307\/revisions"}],"predecessor-version":[{"id":1541,"href":"https:\/\/powerhockeycanada.com\/fr\/wp-json\/wp\/v2\/pages\/1307\/revisions\/1541"}],"up":[{"embeddable":true,"href":"https:\/\/powerhockeycanada.com\/fr\/wp-json\/wp\/v2\/pages\/1305"}],"wp:attachment":[{"href":"https:\/\/powerhockeycanada.com\/fr\/wp-json\/wp\/v2\/media?parent=1307"}],"curies":[{"name":"wp","href":"https:\/\/api.w.org\/{rel}","templated":true}]}}