{"id":1309,"date":"2020-04-30T18:09:17","date_gmt":"2020-04-30T18:09:17","guid":{"rendered":"http:\/\/powerhockeycanada.com\/fr\/?page_id=1309"},"modified":"2020-05-11T15:44:19","modified_gmt":"2020-05-11T19:44:19","slug":"international","status":"publish","type":"page","link":"https:\/\/powerhockeycanada.com\/fr\/evenements\/international\/","title":{"rendered":"International"},"content":{"rendered":"<div class=\"fusion-fullwidth fullwidth-box fusion-builder-row-1 nonhundred-percent-fullwidth non-hundred-percent-height-scrolling\" style=\"background-color: #ffffff;background-position: center center;background-repeat: no-repeat;padding-top:0px;padding-right:0px;padding-bottom:0px;padding-left:0px;margin-bottom: 0px;margin-top: 0px;border-width: 0px 0px 0px 0px;border-color:#3e3e3e;border-style:solid;\" ><div class=\"fusion-builder-row fusion-row\"><div class=\"fusion-layout-column fusion_builder_column fusion-builder-column-0 fusion_builder_column_1_1 1_1 fusion-one-full fusion-column-first fusion-column-last\" style=\"margin-top:0px;margin-bottom:20px;\"><div class=\"fusion-column-wrapper fusion-flex-column-wrapper-legacy\" style=\"background-position:left top;background-repeat:no-repeat;-webkit-background-size:cover;-moz-background-size:cover;-o-background-size:cover;background-size:cover;padding: 0px 0px 0px 0px;\"><div class=\"fusion-text fusion-text-1\"><p><span style=\"font-weight: 400;\">PowerHockey Canada se concentre sur son d\u00e9veloppement international par le biais du programme d&#8217;entra\u00eenement de haute performance et s&#8217;est aventur\u00e9 \u00e0 travers le monde en Australie en novembre 2019 pour participer aux Championnats australiens de club de hockey Powerchair 2019. Le tournoi a eu lieu \u00e0 Sydney et comprenait un total de sept \u00e9quipes. PowerHockey Canada a engag\u00e9 deux \u00e9quipes tandis que les autres repr\u00e9sentaient diverses \u00e9quipes de clubs australiens. Le tournoi de trois jours s\u2019est termin\u00e9 avec les deux \u00e9quipes de PowerHockey Canada qui se sont class\u00e9es 3\u00e8me et 4\u00e8me place. La quatri\u00e8me journ\u00e9e de comp\u00e9tition a oppos\u00e9 les deux nations \u00e0 quelques matchs amicaux. Le premier match a \u00e9t\u00e9 jou\u00e9 selon les r\u00e8gles internationales et le second selon les r\u00e8gles nord-am\u00e9ricaines. L&#8217;exp\u00e9rience du Land Down Under n&#8217;a certainement pas \u00e9t\u00e9 oubli\u00e9e de sit\u00f4t.<\/span><\/p>\n<\/div><span class=\" fusion-imageframe imageframe-none imageframe-1 hover-type-none\"><img decoding=\"async\" width=\"1024\" height=\"267\" title=\"NasibCanadavsAustralia1\" data-src=\"http:\/\/powerhockeycanada.com\/fr\/wp-content\/uploads\/2020\/05\/NasibCanadavsAustralia1-1024x267.jpg\" alt class=\"img-responsive wp-image-1554 lazyload\" data-srcset=\"https:\/\/powerhockeycanada.com\/fr\/wp-content\/uploads\/2020\/05\/NasibCanadavsAustralia1-200x52.jpg 200w, https:\/\/powerhockeycanada.com\/fr\/wp-content\/uploads\/2020\/05\/NasibCanadavsAustralia1-400x104.jpg 400w, https:\/\/powerhockeycanada.com\/fr\/wp-content\/uploads\/2020\/05\/NasibCanadavsAustralia1-600x156.jpg 600w, https:\/\/powerhockeycanada.com\/fr\/wp-content\/uploads\/2020\/05\/NasibCanadavsAustralia1-800x208.jpg 800w, https:\/\/powerhockeycanada.com\/fr\/wp-content\/uploads\/2020\/05\/NasibCanadavsAustralia1-1200x313.jpg 1200w, https:\/\/powerhockeycanada.com\/fr\/wp-content\/uploads\/2020\/05\/NasibCanadavsAustralia1.jpg 1920w\" data-sizes=\"(max-width: 800px) 100vw, 1200px\" src=\"data:image\/svg+xml;base64,PHN2ZyB3aWR0aD0iMSIgaGVpZ2h0PSIxIiB4bWxucz0iaHR0cDovL3d3dy53My5vcmcvMjAwMC9zdmciPjwvc3ZnPg==\" style=\"--smush-placeholder-width: 1024px; --smush-placeholder-aspect-ratio: 1024\/267;\" \/><\/span><div class=\"fusion-clearfix\"><\/div><\/div><\/div><\/div><\/div>\n","protected":false},"excerpt":{"rendered":"","protected":false},"author":2,"featured_media":0,"parent":1305,"menu_order":1,"comment_status":"closed","ping_status":"closed","template":"","meta":{"footnotes":""},"class_list":["post-1309","page","type-page","status-publish","hentry"],"yoast_head":"<!-- This site is optimized with the Yoast SEO plugin v25.6 - https:\/\/yoast.com\/wordpress\/plugins\/seo\/ -->\n<title>International - PowerHockey Canada<\/title>\n<meta name=\"robots\" content=\"index, follow, max-snippet:-1, max-image-preview:large, max-video-preview:-1\" \/>\n<link rel=\"canonical\" href=\"https:\/\/powerhockeycanada.com\/fr\/evenements\/international\/\" \/>\n<meta property=\"og:locale\" content=\"en_US\" \/>\n<meta property=\"og:type\" content=\"article\" \/>\n<meta property=\"og:title\" content=\"International - PowerHockey Canada\" \/>\n<meta property=\"og:url\" content=\"https:\/\/powerhockeycanada.com\/fr\/evenements\/international\/\" \/>\n<meta property=\"og:site_name\" content=\"PowerHockey Canada\" \/>\n<meta property=\"article:modified_time\" content=\"2020-05-11T19:44:19+00:00\" \/>\n<meta name=\"twitter:card\" content=\"summary_large_image\" \/>\n<meta name=\"twitter:label1\" content=\"Est. reading time\" \/>\n\t<meta name=\"twitter:data1\" content=\"3 minutes\" \/>\n<script type=\"application\/ld+json\" class=\"yoast-schema-graph\">{\"@context\":\"https:\/\/schema.org\",\"@graph\":[{\"@type\":\"WebPage\",\"@id\":\"https:\/\/powerhockeycanada.com\/fr\/evenements\/international\/\",\"url\":\"https:\/\/powerhockeycanada.com\/fr\/evenements\/international\/\",\"name\":\"International - PowerHockey Canada\",\"isPartOf\":{\"@id\":\"https:\/\/powerhockeycanada.com\/fr\/#website\"},\"datePublished\":\"2020-04-30T18:09:17+00:00\",\"dateModified\":\"2020-05-11T19:44:19+00:00\",\"breadcrumb\":{\"@id\":\"https:\/\/powerhockeycanada.com\/fr\/evenements\/international\/#breadcrumb\"},\"inLanguage\":\"en\",\"potentialAction\":[{\"@type\":\"ReadAction\",\"target\":[\"https:\/\/powerhockeycanada.com\/fr\/evenements\/international\/\"]}]},{\"@type\":\"BreadcrumbList\",\"@id\":\"https:\/\/powerhockeycanada.com\/fr\/evenements\/international\/#breadcrumb\",\"itemListElement\":[{\"@type\":\"ListItem\",\"position\":1,\"name\":\"Home\",\"item\":\"https:\/\/powerhockeycanada.com\/fr\/\"},{\"@type\":\"ListItem\",\"position\":2,\"name\":\"\u00c9v\u00e9nements\",\"item\":\"https:\/\/powerhockeycanada.com\/fr\/evenements\/\"},{\"@type\":\"ListItem\",\"position\":3,\"name\":\"International\"}]},{\"@type\":\"WebSite\",\"@id\":\"https:\/\/powerhockeycanada.com\/fr\/#website\",\"url\":\"https:\/\/powerhockeycanada.com\/fr\/\",\"name\":\"PowerHockey Canada\",\"description\":\"#AlimenterLaNation\",\"potentialAction\":[{\"@type\":\"SearchAction\",\"target\":{\"@type\":\"EntryPoint\",\"urlTemplate\":\"https:\/\/powerhockeycanada.com\/fr\/?s={search_term_string}\"},\"query-input\":{\"@type\":\"PropertyValueSpecification\",\"valueRequired\":true,\"valueName\":\"search_term_string\"}}],\"inLanguage\":\"en\"}]}<\/script>\n<!-- \/ Yoast SEO plugin. -->","yoast_head_json":{"title":"International - PowerHockey Canada","robots":{"index":"index","follow":"follow","max-snippet":"max-snippet:-1","max-image-preview":"max-image-preview:large","max-video-preview":"max-video-preview:-1"},"canonical":"https:\/\/powerhockeycanada.com\/fr\/evenements\/international\/","og_locale":"en_US","og_type":"article","og_title":"International - PowerHockey Canada","og_url":"https:\/\/powerhockeycanada.com\/fr\/evenements\/international\/","og_site_name":"PowerHockey Canada","article_modified_time":"2020-05-11T19:44:19+00:00","twitter_card":"summary_large_image","twitter_misc":{"Est. reading time":"3 minutes"},"schema":{"@context":"https:\/\/schema.org","@graph":[{"@type":"WebPage","@id":"https:\/\/powerhockeycanada.com\/fr\/evenements\/international\/","url":"https:\/\/powerhockeycanada.com\/fr\/evenements\/international\/","name":"International - PowerHockey Canada","isPartOf":{"@id":"https:\/\/powerhockeycanada.com\/fr\/#website"},"datePublished":"2020-04-30T18:09:17+00:00","dateModified":"2020-05-11T19:44:19+00:00","breadcrumb":{"@id":"https:\/\/powerhockeycanada.com\/fr\/evenements\/international\/#breadcrumb"},"inLanguage":"en","potentialAction":[{"@type":"ReadAction","target":["https:\/\/powerhockeycanada.com\/fr\/evenements\/international\/"]}]},{"@type":"BreadcrumbList","@id":"https:\/\/powerhockeycanada.com\/fr\/evenements\/international\/#breadcrumb","itemListElement":[{"@type":"ListItem","position":1,"name":"Home","item":"https:\/\/powerhockeycanada.com\/fr\/"},{"@type":"ListItem","position":2,"name":"\u00c9v\u00e9nements","item":"https:\/\/powerhockeycanada.com\/fr\/evenements\/"},{"@type":"ListItem","position":3,"name":"International"}]},{"@type":"WebSite","@id":"https:\/\/powerhockeycanada.com\/fr\/#website","url":"https:\/\/powerhockeycanada.com\/fr\/","name":"PowerHockey Canada","description":"#AlimenterLaNation","potentialAction":[{"@type":"SearchAction","target":{"@type":"EntryPoint","urlTemplate":"https:\/\/powerhockeycanada.com\/fr\/?s={search_term_string}"},"query-input":{"@type":"PropertyValueSpecification","valueRequired":true,"valueName":"search_term_string"}}],"inLanguage":"en"}]}},"_links":{"self":[{"href":"https:\/\/powerhockeycanada.com\/fr\/wp-json\/wp\/v2\/pages\/1309"}],"collection":[{"href":"https:\/\/powerhockeycanada.com\/fr\/wp-json\/wp\/v2\/pages"}],"about":[{"href":"https:\/\/powerhockeycanada.com\/fr\/wp-json\/wp\/v2\/types\/page"}],"author":[{"embeddable":true,"href":"https:\/\/powerhockeycanada.com\/fr\/wp-json\/wp\/v2\/users\/2"}],"replies":[{"embeddable":true,"href":"https:\/\/powerhockeycanada.com\/fr\/wp-json\/wp\/v2\/comments?post=1309"}],"version-history":[{"count":4,"href":"https:\/\/powerhockeycanada.com\/fr\/wp-json\/wp\/v2\/pages\/1309\/revisions"}],"predecessor-version":[{"id":1557,"href":"https:\/\/powerhockeycanada.com\/fr\/wp-json\/wp\/v2\/pages\/1309\/revisions\/1557"}],"up":[{"embeddable":true,"href":"https:\/\/powerhockeycanada.com\/fr\/wp-json\/wp\/v2\/pages\/1305"}],"wp:attachment":[{"href":"https:\/\/powerhockeycanada.com\/fr\/wp-json\/wp\/v2\/media?parent=1309"}],"curies":[{"name":"wp","href":"https:\/\/api.w.org\/{rel}","templated":true}]}}