{"id":1313,"date":"2020-04-30T18:57:23","date_gmt":"2020-04-30T18:57:23","guid":{"rendered":"http:\/\/powerhockeycanada.com\/fr\/?page_id=1313"},"modified":"2020-05-10T14:49:31","modified_gmt":"2020-05-10T19:49:31","slug":"etre-implique","status":"publish","type":"page","link":"https:\/\/powerhockeycanada.com\/fr\/etre-implique\/","title":{"rendered":"\u00catre Impliqu\u00e9"},"content":{"rendered":"<div class=\"fusion-fullwidth fullwidth-box fusion-builder-row-1 nonhundred-percent-fullwidth non-hundred-percent-height-scrolling\" style=\"background-color: #ffffff;background-position: center center;background-repeat: no-repeat;padding-top:0px;padding-right:0px;padding-bottom:0px;padding-left:0px;margin-bottom: 0px;margin-top: 0px;border-width: 0px 0px 0px 0px;border-color:#3e3e3e;border-style:solid;\" ><div class=\"fusion-builder-row fusion-row\"><div class=\"fusion-layout-column fusion_builder_column fusion-builder-column-0 fusion_builder_column_1_1 1_1 fusion-one-full fusion-column-first fusion-column-last\" style=\"margin-top:0px;margin-bottom:20px;\"><div class=\"fusion-column-wrapper fusion-flex-column-wrapper-legacy\" style=\"background-position:left top;background-repeat:no-repeat;-webkit-background-size:cover;-moz-background-size:cover;-o-background-size:cover;background-size:cover;padding: 0px 0px 0px 0px;\"><div class=\"fusion-text fusion-text-1\"><p><span style=\"font-weight: 400;\">Cherchez-vous \u00e0 vous impliquer?<\/span><\/p>\n<p><span style=\"font-weight: 400;\">S&#8217;impliquer avec PowerHockey Canada et le sport peut prendre diff\u00e9rentes formes, que ce soit en tant que joueur, b\u00e9n\u00e9vole, organisateur, commanditaire ou donateur, ou simplement supporteur.\u00a0 Aujourd&#8217;hui est le jour pour entrer en contact et voir comment vous pouvez faire la diff\u00e9rence!<\/span><\/p>\n<\/div><div class=\"fusion-clearfix\"><\/div><\/div><\/div><div class=\"fusion-layout-column fusion_builder_column fusion-builder-column-1 fusion_builder_column_1_3 1_3 fusion-one-third fusion-column-first\" style=\"width:33.333333333333%;width:calc(33.333333333333% - ( ( 4% + 4% ) * 0.33333333333333 ) );margin-right: 4%;margin-top:0px;margin-bottom:20px;\"><div class=\"fusion-column-wrapper fusion-flex-column-wrapper-legacy\" style=\"background-position:left top;background-repeat:no-repeat;-webkit-background-size:cover;-moz-background-size:cover;-o-background-size:cover;background-size:cover;padding: 0px 0px 0px 0px;\"><div class=\"fusion-text fusion-text-2\"><p><span style=\"font-weight: 400;\"><strong>Joueur<\/strong><br \/>\n<\/span><span style=\"font-weight: 400;\">Si vous avez envie de jouer, vous le pouvez. Les ligues cherchent toujours \u00e0 s&#8217;engager avec de nouveaux para-athl\u00e8tes. Contactez-nous pour commencer votre style de vie actif.<\/span><\/p>\n<\/div><div class=\"fusion-clearfix\"><\/div><\/div><\/div><div class=\"fusion-layout-column fusion_builder_column fusion-builder-column-2 fusion_builder_column_1_3 1_3 fusion-one-third\" style=\"width:33.333333333333%;width:calc(33.333333333333% - ( ( 4% + 4% ) * 0.33333333333333 ) );margin-right: 4%;margin-top:0px;margin-bottom:20px;\"><div class=\"fusion-column-wrapper fusion-flex-column-wrapper-legacy\" style=\"background-position:left top;background-repeat:no-repeat;-webkit-background-size:cover;-moz-background-size:cover;-o-background-size:cover;background-size:cover;padding: 0px 0px 0px 0px;\"><div class=\"fusion-text fusion-text-3\"><p><span style=\"font-weight: 400;\"><strong>B\u00e9n\u00e9vole<\/strong><br \/>\n<\/span><span style=\"font-weight: 400;\">Des b\u00e9n\u00e9voles pour faciliter la programmation des ligues sont fr\u00e9quemment recherch\u00e9s. Si cela vous int\u00e9resse, il y a peut-\u00eatre une place pour vous.<\/span><\/p>\n<\/div><div class=\"fusion-clearfix\"><\/div><\/div><\/div><div class=\"fusion-layout-column fusion_builder_column fusion-builder-column-3 fusion_builder_column_1_3 1_3 fusion-one-third fusion-column-last\" style=\"width:33.333333333333%;width:calc(33.333333333333% - ( ( 4% + 4% ) * 0.33333333333333 ) );margin-top:0px;margin-bottom:20px;\"><div class=\"fusion-column-wrapper fusion-flex-column-wrapper-legacy\" style=\"background-position:left top;background-repeat:no-repeat;-webkit-background-size:cover;-moz-background-size:cover;-o-background-size:cover;background-size:cover;padding: 0px 0px 0px 0px;\"><div class=\"fusion-text fusion-text-4\"><p><span style=\"font-weight: 400;\"><strong>Organisateur<\/strong><br \/>\n<\/span><span style=\"font-weight: 400;\">La cr\u00e9ation d&#8217;une nouvelle ligue de powerhockey est extr\u00eamement gratifiante pour toutes les personnes impliqu\u00e9es. Faites-nous savoir si vous voulez \u00eatre un leader communautaire!<\/span><\/p>\n<\/div><div class=\"fusion-clearfix\"><\/div><\/div><\/div><div class=\"fusion-layout-column fusion_builder_column fusion-builder-column-4 fusion_builder_column_1_6 1_6 fusion-one-sixth fusion-column-first\" style=\"width:16.666666666667%;width:calc(16.666666666667% - ( ( 4% + 4% + 4% ) * 0.16666666666667 ) );margin-right: 4%;margin-top:0px;margin-bottom:20px;\"><div class=\"fusion-column-wrapper fusion-flex-column-wrapper-legacy\" style=\"background-position:left top;background-repeat:no-repeat;-webkit-background-size:cover;-moz-background-size:cover;-o-background-size:cover;background-size:cover;padding: 0px 0px 0px 0px;\"><div class=\"fusion-clearfix\"><\/div><\/div><\/div><div class=\"fusion-layout-column fusion_builder_column fusion-builder-column-5 fusion_builder_column_1_3 1_3 fusion-one-third\" style=\"width:33.333333333333%;width:calc(33.333333333333% - ( ( 4% + 4% + 4% ) * 0.33333333333333 ) );margin-right: 4%;margin-top:0px;margin-bottom:20px;\"><div class=\"fusion-column-wrapper fusion-flex-column-wrapper-legacy\" style=\"background-position:left top;background-repeat:no-repeat;-webkit-background-size:cover;-moz-background-size:cover;-o-background-size:cover;background-size:cover;padding: 0px 0px 0px 0px;\"><div class=\"fusion-text fusion-text-5\"><p><span style=\"font-weight: 400;\"><strong>Commanditaire \/ donateur<\/strong><br \/>\n<\/span><span style=\"font-weight: 400;\">Soutenir le powerhockey en tant que sponsor ou donateur est un moyen de s&#8217;impliquer qui fait vraiment une diff\u00e9rence dans la vie de beaucoup. Contactez-nous pour conna\u00eetre les opportunit\u00e9s.<\/span><\/p>\n<\/div><div class=\"fusion-clearfix\"><\/div><\/div><\/div><div class=\"fusion-layout-column fusion_builder_column fusion-builder-column-6 fusion_builder_column_1_3 1_3 fusion-one-third\" style=\"width:33.333333333333%;width:calc(33.333333333333% - ( ( 4% + 4% + 4% ) * 0.33333333333333 ) );margin-right: 4%;margin-top:0px;margin-bottom:20px;\"><div class=\"fusion-column-wrapper fusion-flex-column-wrapper-legacy\" style=\"background-position:left top;background-repeat:no-repeat;-webkit-background-size:cover;-moz-background-size:cover;-o-background-size:cover;background-size:cover;padding: 0px 0px 0px 0px;\"><div class=\"fusion-text fusion-text-6\"><p><span style=\"font-weight: 400;\"><strong>Support de ventilateur<\/strong><br \/>\n<\/span><span style=\"font-weight: 400;\">En g\u00e9n\u00e9ral, le simple fait d&#8217;\u00eatre un fan du sport et de faire passer le mot est un moyen facile de s&#8217;impliquer tout en ayant un impact.<\/span><\/p>\n<\/div><div class=\"fusion-clearfix\"><\/div><\/div><\/div><div class=\"fusion-layout-column fusion_builder_column fusion-builder-column-7 fusion_builder_column_1_6 1_6 fusion-one-sixth fusion-column-last\" style=\"width:16.666666666667%;width:calc(16.666666666667% - ( ( 4% + 4% + 4% ) * 0.16666666666667 ) );margin-top:0px;margin-bottom:20px;\"><div class=\"fusion-column-wrapper fusion-flex-column-wrapper-legacy\" style=\"background-position:left top;background-repeat:no-repeat;-webkit-background-size:cover;-moz-background-size:cover;-o-background-size:cover;background-size:cover;padding: 0px 0px 0px 0px;\"><div class=\"fusion-clearfix\"><\/div><\/div><\/div><div class=\"fusion-layout-column fusion_builder_column fusion-builder-column-8 fusion_builder_column_1_1 1_1 fusion-one-full fusion-column-first fusion-column-last\" style=\"margin-top:0px;margin-bottom:20px;\"><div class=\"fusion-column-wrapper fusion-flex-column-wrapper-legacy\" style=\"background-position:left top;background-repeat:no-repeat;-webkit-background-size:cover;-moz-background-size:cover;-o-background-size:cover;background-size:cover;padding: 0px 0px 0px 0px;\"><div class=\"fusion-text fusion-text-7\"><p><span style=\"font-weight: 400;\">\u00cates-vous int\u00e9ress\u00e9 \u00e0 vous impliquer dans votre communaut\u00e9? PowerHockey Canada est pr\u00eat, dispos\u00e9 et capable de vous faciliter la t\u00e2che avec des conseils et des ressources pour le rendre transparent. Contactez-nous \u00e0 <\/span><a href=\"mailto:info@powerhockeycanada.com\"><span style=\"font-weight: 400;\">info@powerhockeycanada.com<\/span><\/a><span style=\"font-weight: 400;\"> d\u00e8s aujourd&#8217;hui pour commencer!<\/span><\/p>\n<\/div><div class=\"fusion-clearfix\"><\/div><\/div><\/div><\/div><\/div>\n","protected":false},"excerpt":{"rendered":"","protected":false},"author":2,"featured_media":0,"parent":0,"menu_order":6,"comment_status":"closed","ping_status":"closed","template":"","meta":{"footnotes":""},"class_list":["post-1313","page","type-page","status-publish","hentry"],"yoast_head":"<!-- This site is optimized with the Yoast SEO plugin v25.6 - https:\/\/yoast.com\/wordpress\/plugins\/seo\/ -->\n<title>\u00catre Impliqu\u00e9 - PowerHockey Canada<\/title>\n<meta name=\"robots\" content=\"index, follow, max-snippet:-1, max-image-preview:large, max-video-preview:-1\" \/>\n<link rel=\"canonical\" href=\"https:\/\/powerhockeycanada.com\/fr\/etre-implique\/\" \/>\n<meta property=\"og:locale\" content=\"en_US\" \/>\n<meta property=\"og:type\" content=\"article\" \/>\n<meta property=\"og:title\" content=\"\u00catre Impliqu\u00e9 - PowerHockey Canada\" \/>\n<meta property=\"og:url\" content=\"https:\/\/powerhockeycanada.com\/fr\/etre-implique\/\" \/>\n<meta property=\"og:site_name\" content=\"PowerHockey Canada\" \/>\n<meta property=\"article:modified_time\" content=\"2020-05-10T19:49:31+00:00\" \/>\n<meta name=\"twitter:card\" content=\"summary_large_image\" \/>\n<meta name=\"twitter:label1\" content=\"Est. reading time\" \/>\n\t<meta name=\"twitter:data1\" content=\"11 minutes\" \/>\n<script type=\"application\/ld+json\" class=\"yoast-schema-graph\">{\"@context\":\"https:\/\/schema.org\",\"@graph\":[{\"@type\":\"WebPage\",\"@id\":\"https:\/\/powerhockeycanada.com\/fr\/etre-implique\/\",\"url\":\"https:\/\/powerhockeycanada.com\/fr\/etre-implique\/\",\"name\":\"\u00catre Impliqu\u00e9 - PowerHockey Canada\",\"isPartOf\":{\"@id\":\"https:\/\/powerhockeycanada.com\/fr\/#website\"},\"datePublished\":\"2020-04-30T18:57:23+00:00\",\"dateModified\":\"2020-05-10T19:49:31+00:00\",\"breadcrumb\":{\"@id\":\"https:\/\/powerhockeycanada.com\/fr\/etre-implique\/#breadcrumb\"},\"inLanguage\":\"en\",\"potentialAction\":[{\"@type\":\"ReadAction\",\"target\":[\"https:\/\/powerhockeycanada.com\/fr\/etre-implique\/\"]}]},{\"@type\":\"BreadcrumbList\",\"@id\":\"https:\/\/powerhockeycanada.com\/fr\/etre-implique\/#breadcrumb\",\"itemListElement\":[{\"@type\":\"ListItem\",\"position\":1,\"name\":\"Home\",\"item\":\"https:\/\/powerhockeycanada.com\/fr\/\"},{\"@type\":\"ListItem\",\"position\":2,\"name\":\"\u00catre Impliqu\u00e9\"}]},{\"@type\":\"WebSite\",\"@id\":\"https:\/\/powerhockeycanada.com\/fr\/#website\",\"url\":\"https:\/\/powerhockeycanada.com\/fr\/\",\"name\":\"PowerHockey Canada\",\"description\":\"#AlimenterLaNation\",\"potentialAction\":[{\"@type\":\"SearchAction\",\"target\":{\"@type\":\"EntryPoint\",\"urlTemplate\":\"https:\/\/powerhockeycanada.com\/fr\/?s={search_term_string}\"},\"query-input\":{\"@type\":\"PropertyValueSpecification\",\"valueRequired\":true,\"valueName\":\"search_term_string\"}}],\"inLanguage\":\"en\"}]}<\/script>\n<!-- \/ Yoast SEO plugin. -->","yoast_head_json":{"title":"\u00catre Impliqu\u00e9 - PowerHockey Canada","robots":{"index":"index","follow":"follow","max-snippet":"max-snippet:-1","max-image-preview":"max-image-preview:large","max-video-preview":"max-video-preview:-1"},"canonical":"https:\/\/powerhockeycanada.com\/fr\/etre-implique\/","og_locale":"en_US","og_type":"article","og_title":"\u00catre Impliqu\u00e9 - PowerHockey Canada","og_url":"https:\/\/powerhockeycanada.com\/fr\/etre-implique\/","og_site_name":"PowerHockey Canada","article_modified_time":"2020-05-10T19:49:31+00:00","twitter_card":"summary_large_image","twitter_misc":{"Est. reading time":"11 minutes"},"schema":{"@context":"https:\/\/schema.org","@graph":[{"@type":"WebPage","@id":"https:\/\/powerhockeycanada.com\/fr\/etre-implique\/","url":"https:\/\/powerhockeycanada.com\/fr\/etre-implique\/","name":"\u00catre Impliqu\u00e9 - PowerHockey Canada","isPartOf":{"@id":"https:\/\/powerhockeycanada.com\/fr\/#website"},"datePublished":"2020-04-30T18:57:23+00:00","dateModified":"2020-05-10T19:49:31+00:00","breadcrumb":{"@id":"https:\/\/powerhockeycanada.com\/fr\/etre-implique\/#breadcrumb"},"inLanguage":"en","potentialAction":[{"@type":"ReadAction","target":["https:\/\/powerhockeycanada.com\/fr\/etre-implique\/"]}]},{"@type":"BreadcrumbList","@id":"https:\/\/powerhockeycanada.com\/fr\/etre-implique\/#breadcrumb","itemListElement":[{"@type":"ListItem","position":1,"name":"Home","item":"https:\/\/powerhockeycanada.com\/fr\/"},{"@type":"ListItem","position":2,"name":"\u00catre Impliqu\u00e9"}]},{"@type":"WebSite","@id":"https:\/\/powerhockeycanada.com\/fr\/#website","url":"https:\/\/powerhockeycanada.com\/fr\/","name":"PowerHockey Canada","description":"#AlimenterLaNation","potentialAction":[{"@type":"SearchAction","target":{"@type":"EntryPoint","urlTemplate":"https:\/\/powerhockeycanada.com\/fr\/?s={search_term_string}"},"query-input":{"@type":"PropertyValueSpecification","valueRequired":true,"valueName":"search_term_string"}}],"inLanguage":"en"}]}},"_links":{"self":[{"href":"https:\/\/powerhockeycanada.com\/fr\/wp-json\/wp\/v2\/pages\/1313"}],"collection":[{"href":"https:\/\/powerhockeycanada.com\/fr\/wp-json\/wp\/v2\/pages"}],"about":[{"href":"https:\/\/powerhockeycanada.com\/fr\/wp-json\/wp\/v2\/types\/page"}],"author":[{"embeddable":true,"href":"https:\/\/powerhockeycanada.com\/fr\/wp-json\/wp\/v2\/users\/2"}],"replies":[{"embeddable":true,"href":"https:\/\/powerhockeycanada.com\/fr\/wp-json\/wp\/v2\/comments?post=1313"}],"version-history":[{"count":6,"href":"https:\/\/powerhockeycanada.com\/fr\/wp-json\/wp\/v2\/pages\/1313\/revisions"}],"predecessor-version":[{"id":1508,"href":"https:\/\/powerhockeycanada.com\/fr\/wp-json\/wp\/v2\/pages\/1313\/revisions\/1508"}],"wp:attachment":[{"href":"https:\/\/powerhockeycanada.com\/fr\/wp-json\/wp\/v2\/media?parent=1313"}],"curies":[{"name":"wp","href":"https:\/\/api.w.org\/{rel}","templated":true}]}}